	{"id":8920,"date":"2018-04-12T17:16:53","date_gmt":"2018-04-12T15:16:53","guid":{"rendered":"https:\/\/barazza.comunicazione21.com\/produits\/cucine-componibili\/mood-fusion\/mood-fusion-guide\/"},"modified":"2022-06-15T17:06:54","modified_gmt":"2022-06-15T15:06:54","slug":"mood-fusion-guide","status":"publish","type":"page","link":"https:\/\/barazza.comunicazione21.com\/fr\/produits\/cuisines-modulaires\/mood-fusion\/mood-fusion-guide\/","title":{"rendered":"Guide Mood Fusion"},"content":{"rendered":"<p><strong>Concevoir une cuisine en ligne<\/strong> peut sembler complexe \u00e0 ceux qui ne poss\u00e8dent pas de comp\u00e9tences techniques ou professionnelles sp\u00e9cifiques, notamment pour concevoir des \u00e9l\u00e9ments particuliers tels qu&rsquo;un plan de travail sur mesure, avec des dimensions et des d\u00e9tails pr\u00e9\u00e9tablis \u00e0 adapter aux espaces disponibles. Avec les solutions Barazza, toutefois, concevoir une cuisine am\u00e9nag\u00e9e modulaire en ligne n&rsquo;a jamais \u00e9t\u00e9 aussi simple\u00a0: gr\u00e2ce aux <strong>configurateurs Mood Fusion, Lab Fusion et B_Free Fusion<\/strong>, chacun peut pr\u00e9parer sa propre cuisine en fonction de ses go\u00fbts et de ses besoins. Il vous suffit d\u2019acc\u00e9der au programme en ligne et de s\u00e9lectionner les produits souhait\u00e9s, en indiquant les dimensions et les sp\u00e9cifications, pour obtenir votre propre plan de travail personnalis\u00e9. Mood Fusion est un plan de travail encastr\u00e9 contenant toutes les fonctions dans un seul espace de design pur. Il est disponible dans les profondeurs 45 et 51. Longueur maximale 2\u00a0360\u00a0mm, acier inox AISI 304 \u00e9paisseur 4\u00a0mm. Le configurateur Mood Fusion vous permet de combiner efficacement les diff\u00e9rents types de tables de cuisson Mood et de cuves carr\u00e9es, en choisissant des tailles et des fonctionnalit\u00e9s permettant de concevoir une cuisine en ligne adapt\u00e9e \u00e0 vos besoins. Apr\u00e8s avoir cr\u00e9\u00e9 votre propre table de cuisson personnalis\u00e9e, vous pouvez t\u00e9l\u00e9charger un r\u00e9sum\u00e9 des produits s\u00e9lectionn\u00e9s, complet avec les mesures et les d\u00e9tails, ainsi qu&rsquo;une <strong>vue 3D de la table de cuisson<\/strong>. Si vous le souhaitez, il est \u00e9galement possible d&rsquo;envoyer \u00e0 la soci\u00e9t\u00e9 une demande instantan\u00e9e d&rsquo;estimation bas\u00e9e sur le projet mis en \u0153uvre. Concevoir une cuisine en ligne n&rsquo;a jamais \u00e9t\u00e9 aussi simple\u00a0!<\/p>\n","protected":false},"excerpt":{"rendered":"<p>Concevoir une cuisine en ligne peut sembler complexe \u00e0 ceux qui ne poss\u00e8dent pas de comp\u00e9tences techniques ou professionnelles sp\u00e9cifiques,&#8230;<\/p>\n","protected":false},"author":1,"featured_media":0,"parent":8917,"menu_order":162,"comment_status":"closed","ping_status":"closed","template":"page-configuratore.php","meta":[],"acf":[],"_links":{"self":[{"href":"https:\/\/barazza.comunicazione21.com\/fr\/wp-json\/wp\/v2\/pages\/8920"}],"collection":[{"href":"https:\/\/barazza.comunicazione21.com\/fr\/wp-json\/wp\/v2\/pages"}],"about":[{"href":"https:\/\/barazza.comunicazione21.com\/fr\/wp-json\/wp\/v2\/types\/page"}],"author":[{"embeddable":true,"href":"https:\/\/barazza.comunicazione21.com\/fr\/wp-json\/wp\/v2\/users\/1"}],"replies":[{"embeddable":true,"href":"https:\/\/barazza.comunicazione21.com\/fr\/wp-json\/wp\/v2\/comments?post=8920"}],"version-history":[{"count":0,"href":"https:\/\/barazza.comunicazione21.com\/fr\/wp-json\/wp\/v2\/pages\/8920\/revisions"}],"up":[{"embeddable":true,"href":"https:\/\/barazza.comunicazione21.com\/fr\/wp-json\/wp\/v2\/pages\/8917"}],"wp:attachment":[{"href":"https:\/\/barazza.comunicazione21.com\/fr\/wp-json\/wp\/v2\/media?parent=8920"}],"curies":[{"name":"wp","href":"https:\/\/api.w.org\/{rel}","templated":true}]}}