	{"id":8917,"date":"2018-04-12T17:16:53","date_gmt":"2018-04-12T15:16:53","guid":{"rendered":"https:\/\/barazza.comunicazione21.com\/produits\/cucine-componibili\/mood-fusion\/"},"modified":"2022-06-15T16:58:12","modified_gmt":"2022-06-15T14:58:12","slug":"mood-fusion","status":"publish","type":"page","link":"https:\/\/barazza.comunicazione21.com\/fr\/produits\/cuisines-modulaires\/mood-fusion\/","title":{"rendered":"Mood Fusion"},"content":{"rendered":"<div class=\"page\" title=\"Page 37\">\n<div class=\"section\">\n<div class=\"layoutArea\">\n<div class=\"column\">\n<p>Mood Fusion est une surface d&rsquo;acier unique int\u00e9gr\u00e9e qui inclut toutes les fonctions dans un espace de conception authentique, avec des caract\u00e9ristiques tr\u00e8s distinctives: acier de 4 mm d&rsquo;\u00e9paisseur, br\u00fbleurs Flat Eco-design, supports de casseroles Soft-touch et \u00e9gouttoir.<\/p>\n<p>V\u00e9ritable substance, dans trois finitions en acier Barazza: satin\u00e9, vintage et mat, pour un look hautement personnalis\u00e9, m\u00eame pour le mat\u00e9riau lui-m\u00eame.<\/p>\n<\/div>\n<\/div>\n<\/div>\n<\/div>\n","protected":false},"excerpt":{"rendered":"<p>Mood Fusion est une surface d&rsquo;acier unique int\u00e9gr\u00e9e qui inclut toutes les fonctions dans un espace de conception authentique, avec&#8230;<\/p>\n","protected":false},"author":1,"featured_media":33123,"parent":6608,"menu_order":149,"comment_status":"closed","ping_status":"closed","template":"page-fusion-mood.php","meta":[],"acf":[],"_links":{"self":[{"href":"https:\/\/barazza.comunicazione21.com\/fr\/wp-json\/wp\/v2\/pages\/8917"}],"collection":[{"href":"https:\/\/barazza.comunicazione21.com\/fr\/wp-json\/wp\/v2\/pages"}],"about":[{"href":"https:\/\/barazza.comunicazione21.com\/fr\/wp-json\/wp\/v2\/types\/page"}],"author":[{"embeddable":true,"href":"https:\/\/barazza.comunicazione21.com\/fr\/wp-json\/wp\/v2\/users\/1"}],"replies":[{"embeddable":true,"href":"https:\/\/barazza.comunicazione21.com\/fr\/wp-json\/wp\/v2\/comments?post=8917"}],"version-history":[{"count":0,"href":"https:\/\/barazza.comunicazione21.com\/fr\/wp-json\/wp\/v2\/pages\/8917\/revisions"}],"up":[{"embeddable":true,"href":"https:\/\/barazza.comunicazione21.com\/fr\/wp-json\/wp\/v2\/pages\/6608"}],"wp:featuredmedia":[{"embeddable":true,"href":"https:\/\/barazza.comunicazione21.com\/fr\/wp-json\/wp\/v2\/media\/33123"}],"wp:attachment":[{"href":"https:\/\/barazza.comunicazione21.com\/fr\/wp-json\/wp\/v2\/media?parent=8917"}],"curies":[{"name":"wp","href":"https:\/\/api.w.org\/{rel}","templated":true}]}}