	{"id":84013,"date":"2024-06-19T15:28:00","date_gmt":"2024-06-19T13:28:00","guid":{"rendered":"https:\/\/barazza.comunicazione21.com\/assistance-service-and-warranty\/"},"modified":"2024-07-08T16:35:35","modified_gmt":"2024-07-08T14:35:35","slug":"service-assistance-et-garantie","status":"publish","type":"page","link":"https:\/\/barazza.comunicazione21.com\/fr\/service-assistance-et-garantie\/","title":{"rendered":"Service d\u2019assistance et garantie"},"content":{"rendered":"<p>Dans cette section, vous pouvez t\u00e9l\u00e9charger les documents relatifs \u00e0 la garantie des produits achet\u00e9s<\/p>\n","protected":false},"excerpt":{"rendered":"<p>Dans cette section, vous pouvez t\u00e9l\u00e9charger les documents relatifs \u00e0 la garantie des produits achet\u00e9s<\/p>\n","protected":false},"author":8,"featured_media":69920,"parent":0,"menu_order":5,"comment_status":"closed","ping_status":"closed","template":"page-assistenza-garanzia.php","meta":[],"acf":[],"_links":{"self":[{"href":"https:\/\/barazza.comunicazione21.com\/fr\/wp-json\/wp\/v2\/pages\/84013"}],"collection":[{"href":"https:\/\/barazza.comunicazione21.com\/fr\/wp-json\/wp\/v2\/pages"}],"about":[{"href":"https:\/\/barazza.comunicazione21.com\/fr\/wp-json\/wp\/v2\/types\/page"}],"author":[{"embeddable":true,"href":"https:\/\/barazza.comunicazione21.com\/fr\/wp-json\/wp\/v2\/users\/8"}],"replies":[{"embeddable":true,"href":"https:\/\/barazza.comunicazione21.com\/fr\/wp-json\/wp\/v2\/comments?post=84013"}],"version-history":[{"count":7,"href":"https:\/\/barazza.comunicazione21.com\/fr\/wp-json\/wp\/v2\/pages\/84013\/revisions"}],"predecessor-version":[{"id":84065,"href":"https:\/\/barazza.comunicazione21.com\/fr\/wp-json\/wp\/v2\/pages\/84013\/revisions\/84065"}],"wp:featuredmedia":[{"embeddable":true,"href":"https:\/\/barazza.comunicazione21.com\/fr\/wp-json\/wp\/v2\/media\/69920"}],"wp:attachment":[{"href":"https:\/\/barazza.comunicazione21.com\/fr\/wp-json\/wp\/v2\/media?parent=84013"}],"curies":[{"name":"wp","href":"https:\/\/api.w.org\/{rel}","templated":true}]}}