	{"id":82665,"date":"2022-12-14T12:25:42","date_gmt":"2022-12-14T11:25:42","guid":{"rendered":"https:\/\/barazza.comunicazione21.com\/?page_id=82665"},"modified":"2022-12-22T16:00:41","modified_gmt":"2022-12-22T15:00:41","slug":"enregistrer-votre-produit","status":"publish","type":"page","link":"https:\/\/barazza.comunicazione21.com\/fr\/enregistrer-votre-produit\/","title":{"rendered":"Enregistrer Votre Produit"},"content":{"rendered":"<p>Enregistrez votre produit Barazza dans les 30 jours \u00e0 compter de la date d&rsquo;achat pour b\u00e9n\u00e9ficier d&rsquo;une r\u00e9duction sur l&rsquo;achat d&rsquo;accessoires et de produits de nettoyage dans notre <a href=\"https:\/\/www.barazza.shop\/fr\/\" target=\"_blank\" rel=\"noopener\"><u> boutique en ligne <\/u><\/a>.<\/p>\n","protected":false},"excerpt":{"rendered":"<p>Enregistrez votre produit Barazza dans les 30 jours \u00e0 compter de la date d&rsquo;achat pour b\u00e9n\u00e9ficier d&rsquo;une r\u00e9duction sur l&rsquo;achat&#8230;<\/p>\n","protected":false},"author":1,"featured_media":82561,"parent":0,"menu_order":11,"comment_status":"closed","ping_status":"closed","template":"page-registra-prodotto.php","meta":[],"acf":[],"_links":{"self":[{"href":"https:\/\/barazza.comunicazione21.com\/fr\/wp-json\/wp\/v2\/pages\/82665"}],"collection":[{"href":"https:\/\/barazza.comunicazione21.com\/fr\/wp-json\/wp\/v2\/pages"}],"about":[{"href":"https:\/\/barazza.comunicazione21.com\/fr\/wp-json\/wp\/v2\/types\/page"}],"author":[{"embeddable":true,"href":"https:\/\/barazza.comunicazione21.com\/fr\/wp-json\/wp\/v2\/users\/1"}],"replies":[{"embeddable":true,"href":"https:\/\/barazza.comunicazione21.com\/fr\/wp-json\/wp\/v2\/comments?post=82665"}],"version-history":[{"count":2,"href":"https:\/\/barazza.comunicazione21.com\/fr\/wp-json\/wp\/v2\/pages\/82665\/revisions"}],"predecessor-version":[{"id":82680,"href":"https:\/\/barazza.comunicazione21.com\/fr\/wp-json\/wp\/v2\/pages\/82665\/revisions\/82680"}],"wp:featuredmedia":[{"embeddable":true,"href":"https:\/\/barazza.comunicazione21.com\/fr\/wp-json\/wp\/v2\/media\/82561"}],"wp:attachment":[{"href":"https:\/\/barazza.comunicazione21.com\/fr\/wp-json\/wp\/v2\/media?parent=82665"}],"curies":[{"name":"wp","href":"https:\/\/api.w.org\/{rel}","templated":true}]}}