	{"id":81891,"date":"2022-09-08T10:09:32","date_gmt":"2022-09-08T08:09:32","guid":{"rendered":"https:\/\/barazza.comunicazione21.com\/barazza-company\/made-in-italy\/"},"modified":"2022-09-08T11:10:10","modified_gmt":"2022-09-08T09:10:10","slug":"made-in-italy","status":"publish","type":"page","link":"https:\/\/barazza.comunicazione21.com\/fr\/barazza-company\/made-in-italy\/","title":{"rendered":"Made in Italy"},"content":{"rendered":"<p class=\"p1\"><span class=\"s1\">Planter ses propres racines en Italie, un lieu o\u00f9 la beaut\u00e9 des territoires est inspiration, respirer un air dense de culture et tradition artistique, a fait na\u00eetre en Barazza les conditions n\u00e9cessaires pour cr\u00e9er une marque de design unique, pleine expression du Made in Italy. L\u2019Italie est un pays connu dans le mode pour sa mani\u00e8re unique de faire les choses\u00a0: cr\u00e9ativit\u00e9, fantaisie, tradition, savoir-faire, capacit\u00e9 sont les intruments avec lesquels Barazza produit des r\u00e9sultats uniques et hautement personnalisables qui deviennent un mod\u00e8le pour ceux qui aspirent \u00e0 imiter le fameux style italien, un mod\u00e8le que Barazza exporte dans plus de 50 pays du monde entier. Barazza est un atelier de derni\u00e8re g\u00e9n\u00e9ration qui peut compter sur des personnes en mesure d\u2019utiliser les technologies les plus avanc\u00e9es avec le savoir de ceux qui, depuis toujours, accomplissent des gestes artisanaux pour r\u00e9aliser des produits qui unissent innovation et pr\u00e9cision, technologie et passion.<\/span><\/p>\n","protected":false},"excerpt":{"rendered":"<p>Planter ses propres racines en Italie, un lieu o\u00f9 la beaut\u00e9 des territoires est inspiration, respirer un air dense de&#8230;<\/p>\n","protected":false},"author":7,"featured_media":81879,"parent":6619,"menu_order":221,"comment_status":"closed","ping_status":"closed","template":"page-made-italy.php","meta":[],"acf":[],"_links":{"self":[{"href":"https:\/\/barazza.comunicazione21.com\/fr\/wp-json\/wp\/v2\/pages\/81891"}],"collection":[{"href":"https:\/\/barazza.comunicazione21.com\/fr\/wp-json\/wp\/v2\/pages"}],"about":[{"href":"https:\/\/barazza.comunicazione21.com\/fr\/wp-json\/wp\/v2\/types\/page"}],"author":[{"embeddable":true,"href":"https:\/\/barazza.comunicazione21.com\/fr\/wp-json\/wp\/v2\/users\/7"}],"replies":[{"embeddable":true,"href":"https:\/\/barazza.comunicazione21.com\/fr\/wp-json\/wp\/v2\/comments?post=81891"}],"version-history":[{"count":2,"href":"https:\/\/barazza.comunicazione21.com\/fr\/wp-json\/wp\/v2\/pages\/81891\/revisions"}],"predecessor-version":[{"id":81893,"href":"https:\/\/barazza.comunicazione21.com\/fr\/wp-json\/wp\/v2\/pages\/81891\/revisions\/81893"}],"up":[{"embeddable":true,"href":"https:\/\/barazza.comunicazione21.com\/fr\/wp-json\/wp\/v2\/pages\/6619"}],"wp:featuredmedia":[{"embeddable":true,"href":"https:\/\/barazza.comunicazione21.com\/fr\/wp-json\/wp\/v2\/media\/81879"}],"wp:attachment":[{"href":"https:\/\/barazza.comunicazione21.com\/fr\/wp-json\/wp\/v2\/media?parent=81891"}],"curies":[{"name":"wp","href":"https:\/\/api.w.org\/{rel}","templated":true}]}}