	{"id":7908,"date":"2017-09-22T11:43:39","date_gmt":"2017-09-22T09:43:39","guid":{"rendered":"https:\/\/barazza.comunicazione21.com\/servizio-clienti\/area-riservata-login\/"},"modified":"2017-10-24T15:13:31","modified_gmt":"2017-10-24T13:13:31","slug":"zone-reservee-connexion","status":"publish","type":"page","link":"https:\/\/barazza.comunicazione21.com\/fr\/service-client\/zone-reservee\/zone-reservee-connexion\/","title":{"rendered":"Zone r\u00e9serv\u00e9e &#8211; Connexion"},"content":{"rendered":"<p>Inscrivez-vous ou Connectez-vous pour afficher le contenu priv\u00e9 de Barazza srl.<\/p>\n","protected":false},"excerpt":{"rendered":"<p>Inscrivez-vous ou Connectez-vous pour afficher le contenu priv\u00e9 de Barazza srl.<\/p>\n","protected":false},"author":1,"featured_media":0,"parent":6600,"menu_order":241,"comment_status":"closed","ping_status":"closed","template":"page-login.php","meta":[],"acf":[],"_links":{"self":[{"href":"https:\/\/barazza.comunicazione21.com\/fr\/wp-json\/wp\/v2\/pages\/7908"}],"collection":[{"href":"https:\/\/barazza.comunicazione21.com\/fr\/wp-json\/wp\/v2\/pages"}],"about":[{"href":"https:\/\/barazza.comunicazione21.com\/fr\/wp-json\/wp\/v2\/types\/page"}],"author":[{"embeddable":true,"href":"https:\/\/barazza.comunicazione21.com\/fr\/wp-json\/wp\/v2\/users\/1"}],"replies":[{"embeddable":true,"href":"https:\/\/barazza.comunicazione21.com\/fr\/wp-json\/wp\/v2\/comments?post=7908"}],"version-history":[{"count":0,"href":"https:\/\/barazza.comunicazione21.com\/fr\/wp-json\/wp\/v2\/pages\/7908\/revisions"}],"up":[{"embeddable":true,"href":"https:\/\/barazza.comunicazione21.com\/fr\/wp-json\/wp\/v2\/pages\/6600"}],"wp:attachment":[{"href":"https:\/\/barazza.comunicazione21.com\/fr\/wp-json\/wp\/v2\/media?parent=7908"}],"curies":[{"name":"wp","href":"https:\/\/api.w.org\/{rel}","templated":true}]}}