	{"id":6622,"date":"2014-05-22T17:59:41","date_gmt":"2014-05-22T15:59:41","guid":{"rendered":"https:\/\/barazza.comunicazione21.com\/home-2\/"},"modified":"2022-09-28T12:07:56","modified_gmt":"2022-09-28T10:07:56","slug":"home","status":"publish","type":"page","link":"https:\/\/barazza.comunicazione21.com\/fr\/home\/","title":{"rendered":"Home"},"content":{"rendered":"<h1>Cuisines Barazza, cuisines de qualit\u00e9<\/h1>\n<p><strong>Des cuisines <\/strong>qui s&rsquo;int\u00e8grent parfaitement \u00e0 tout espace domestique ou professionnel. Des solutions pour la maison de vos r\u00eaves, pour les restaurants ou les locaux publiques.<\/p>\n<p>Une <strong>gamme compl\u00e8te et pouvant \u00eatre assortie d&rsquo;\u00e9lectrom\u00e9nagers<\/strong> pour votre cuisine : \u00e9viers, cuves carr\u00e9es et robinets, tables de cuisson, fours et micro-ondes, hottes, accessoires et compl\u00e9ments \u00e9quip\u00e9s pouvant \u00eatre compos\u00e9s ou achet\u00e9s s\u00e9par\u00e9ment, dans des variantes pouvant \u00eatre adapt\u00e9es \u00e0 toute exigence d&rsquo;espace et de caract\u00e9ristiques techniques.<\/p>\n<p><strong>Des cuisines modernes, classiques, grandes et petites<\/strong>; des espaces ambiants au mood actuel ou au style romantique; des cuisines avec \u00eelot ou plan snack, lin\u00e9aires ou d&rsquo;angle: chez Barazza vous trouverez la solution que vous cherchez, en parfaite harmonie avec le style d&rsquo;habitation de vos espaces de vie ou de travail.<\/p>\n","protected":false},"excerpt":{"rendered":"<p>Cuisines Barazza, cuisines de qualit\u00e9 Des cuisines qui s&rsquo;int\u00e8grent parfaitement \u00e0 tout espace domestique ou professionnel. Des solutions pour la&#8230;<\/p>\n","protected":false},"author":1,"featured_media":0,"parent":0,"menu_order":43,"comment_status":"closed","ping_status":"closed","template":"page-homepage.php","meta":[],"acf":[],"_links":{"self":[{"href":"https:\/\/barazza.comunicazione21.com\/fr\/wp-json\/wp\/v2\/pages\/6622"}],"collection":[{"href":"https:\/\/barazza.comunicazione21.com\/fr\/wp-json\/wp\/v2\/pages"}],"about":[{"href":"https:\/\/barazza.comunicazione21.com\/fr\/wp-json\/wp\/v2\/types\/page"}],"author":[{"embeddable":true,"href":"https:\/\/barazza.comunicazione21.com\/fr\/wp-json\/wp\/v2\/users\/1"}],"replies":[{"embeddable":true,"href":"https:\/\/barazza.comunicazione21.com\/fr\/wp-json\/wp\/v2\/comments?post=6622"}],"version-history":[{"count":1,"href":"https:\/\/barazza.comunicazione21.com\/fr\/wp-json\/wp\/v2\/pages\/6622\/revisions"}],"predecessor-version":[{"id":82066,"href":"https:\/\/barazza.comunicazione21.com\/fr\/wp-json\/wp\/v2\/pages\/6622\/revisions\/82066"}],"wp:attachment":[{"href":"https:\/\/barazza.comunicazione21.com\/fr\/wp-json\/wp\/v2\/media?parent=6622"}],"curies":[{"name":"wp","href":"https:\/\/api.w.org\/{rel}","templated":true}]}}