	{"id":6621,"date":"2014-05-22T18:13:38","date_gmt":"2014-05-22T16:13:38","guid":{"rendered":"https:\/\/barazza.comunicazione21.com\/barazza-company-2\/team-barazza\/"},"modified":"2022-06-15T14:48:26","modified_gmt":"2022-06-15T12:48:26","slug":"team-barazza","status":"publish","type":"page","link":"https:\/\/barazza.comunicazione21.com\/fr\/barazza-company\/team-barazza\/","title":{"rendered":"Team"},"content":{"rendered":"<p><span lang=\"fr-FR\">Chez Barazza chacun a sa propre professionnalit\u00e9 et volont\u00e9 de soigner chaque phase de la production\u00a0: de la pens\u00e9e, \u00e0 la conception, aux contr\u00f4les finaux, en sachant conjuguer l&rsquo;innovation technologique avec la valeur du fait main.<\/span><\/p>\n<p><span lang=\"fr-FR\">Des professionnels conscients du fait que les grands r\u00e9sultats s&rsquo;atteignent ensemble\u00a0: en partageant chaque phase du projet, pour le faire grandir, pour r\u00e9aliser le meilleur produit.<\/span><\/p>\n<p><span lang=\"fr-FR\">Barazza con\u00e7oit, r\u00e9alise et teste chaque produit enti\u00e8rement \u00e0 Santa Lucia di Piave, aupr\u00e8s de ses \u00e9tablissements\u00a0: c&rsquo;est ainsi que l&rsquo;exp\u00e9rience se concr\u00e9tise en qualit\u00e9, service et une attention au client de plus en plus grande.<\/span><\/p>\n<p><span lang=\"fr-FR\">C&rsquo;est ici que le savoir-faire italien devient une marque inimitable qui parle de la passion qui caract\u00e9rise chaque produit.<\/span><\/p>\n","protected":false},"excerpt":{"rendered":"<p>Chez Barazza chacun a sa propre professionnalit\u00e9 et volont\u00e9 de soigner chaque phase de la production\u00a0: de la pens\u00e9e, \u00e0&#8230;<\/p>\n","protected":false},"author":1,"featured_media":69703,"parent":6619,"menu_order":225,"comment_status":"closed","ping_status":"closed","template":"","meta":[],"acf":[],"_links":{"self":[{"href":"https:\/\/barazza.comunicazione21.com\/fr\/wp-json\/wp\/v2\/pages\/6621"}],"collection":[{"href":"https:\/\/barazza.comunicazione21.com\/fr\/wp-json\/wp\/v2\/pages"}],"about":[{"href":"https:\/\/barazza.comunicazione21.com\/fr\/wp-json\/wp\/v2\/types\/page"}],"author":[{"embeddable":true,"href":"https:\/\/barazza.comunicazione21.com\/fr\/wp-json\/wp\/v2\/users\/1"}],"replies":[{"embeddable":true,"href":"https:\/\/barazza.comunicazione21.com\/fr\/wp-json\/wp\/v2\/comments?post=6621"}],"version-history":[{"count":0,"href":"https:\/\/barazza.comunicazione21.com\/fr\/wp-json\/wp\/v2\/pages\/6621\/revisions"}],"up":[{"embeddable":true,"href":"https:\/\/barazza.comunicazione21.com\/fr\/wp-json\/wp\/v2\/pages\/6619"}],"wp:featuredmedia":[{"embeddable":true,"href":"https:\/\/barazza.comunicazione21.com\/fr\/wp-json\/wp\/v2\/media\/69703"}],"wp:attachment":[{"href":"https:\/\/barazza.comunicazione21.com\/fr\/wp-json\/wp\/v2\/media?parent=6621"}],"curies":[{"name":"wp","href":"https:\/\/api.w.org\/{rel}","templated":true}]}}