	{"id":6620,"date":"2014-05-22T18:12:59","date_gmt":"2014-05-22T16:12:59","guid":{"rendered":"https:\/\/barazza.comunicazione21.com\/barazza-company-2\/risparmio-energetico\/"},"modified":"2022-06-15T14:49:08","modified_gmt":"2022-06-15T12:49:08","slug":"economie-energie","status":"publish","type":"page","link":"https:\/\/barazza.comunicazione21.com\/fr\/barazza-company\/economie-energie\/","title":{"rendered":"\u00c9conomie d&rsquo;\u00e9nergie en cuisine"},"content":{"rendered":"<p>Le bien-\u00eatre comme crit\u00e8re de s\u00e9lection.<\/p>\n<p><span lang=\"fr-FR\">Pour Barazza, chaque action se d\u00e9roule dans une logique de d\u00e9veloppement durable, en utilisant des syst\u00e8mes et des mat\u00e9riaux avec une \u00e9conomie d&rsquo;\u00e9nergie \u00e9lev\u00e9e et un impact environnemental r\u00e9duit, afin de poursuivre l&rsquo;id\u00e9al de monde que l&rsquo;on souhaite laisser aux g\u00e9n\u00e9rations futures. <\/span><span lang=\"fr-FR\">Barazza utilise principalement l&rsquo;acier inox AISI 304 et 316, symbole de son engagement pour un d\u00e9veloppement durable. Cette mati\u00e8re premi\u00e8re est enti\u00e8rement recyclable, hygi\u00e9nique, sans \u00e9missions toxiques et inalt\u00e9rable au fil du temps.<\/span><\/p>\n<p><span lang=\"fr-FR\">La phase de conception joue \u00e9galement un r\u00f4le cl\u00e9 dans la durabilit\u00e9. Barazza fait particuli\u00e8rement attention \u00e0 l&rsquo;ergonomie des produits pendant la phase de conception afin de garantir la fonctionnalit\u00e9 maximale qui, en cuisine, d\u00e9termine une augmentation de l&rsquo;\u00e9conomie d&rsquo;\u00e9nergie et un niveau de s\u00e9curit\u00e9 et confort sup\u00e9rieur.<\/span><\/p>\n<p><span lang=\"fr-FR\">Les <strong>certifications UNI&nbsp;EN&nbsp;ISO&nbsp;9001 et 14001<\/strong> garantissent le contr\u00f4le de la qualit\u00e9 et l&rsquo;optimisation des processus de production, un engagement continu afin d&rsquo;am\u00e9liorer le syst\u00e8me environnemental.<\/span><\/p>\n<p><a href=\"https:\/\/barazza.comunicazione21.com\/wp-content\/uploads\/2019\/02\/barazza-certificati-2019.pdf\"><img loading=\"lazy\" class=\"alignleft wp-image-6397 size-thumbnail\" src=\"https:\/\/barazza.comunicazione21.com\/wp-content\/uploads\/2014\/05\/loghi-certificazione-300x150.png\" alt=\"\" width=\"300\" height=\"150\" srcset=\"https:\/\/barazza.comunicazione21.com\/wp-content\/uploads\/2014\/05\/loghi-certificazione-300x150.png 300w, https:\/\/barazza.comunicazione21.com\/wp-content\/uploads\/2014\/05\/loghi-certificazione-768x384.png 768w, https:\/\/barazza.comunicazione21.com\/wp-content\/uploads\/2014\/05\/loghi-certificazione-1200x600.png 1200w, https:\/\/barazza.comunicazione21.com\/wp-content\/uploads\/2014\/05\/loghi-certificazione.png 1474w\" sizes=\"(max-width: 300px) 100vw, 300px\" \/><\/a><\/p>\n","protected":false},"excerpt":{"rendered":"<p>Le bien-\u00eatre comme crit\u00e8re de s\u00e9lection. Pour Barazza, chaque action se d\u00e9roule dans une logique de d\u00e9veloppement durable, en utilisant&#8230;<\/p>\n","protected":false},"author":1,"featured_media":82106,"parent":6619,"menu_order":214,"comment_status":"closed","ping_status":"closed","template":"page-biosostenibilita.php","meta":[],"acf":[],"_links":{"self":[{"href":"https:\/\/barazza.comunicazione21.com\/fr\/wp-json\/wp\/v2\/pages\/6620"}],"collection":[{"href":"https:\/\/barazza.comunicazione21.com\/fr\/wp-json\/wp\/v2\/pages"}],"about":[{"href":"https:\/\/barazza.comunicazione21.com\/fr\/wp-json\/wp\/v2\/types\/page"}],"author":[{"embeddable":true,"href":"https:\/\/barazza.comunicazione21.com\/fr\/wp-json\/wp\/v2\/users\/1"}],"replies":[{"embeddable":true,"href":"https:\/\/barazza.comunicazione21.com\/fr\/wp-json\/wp\/v2\/comments?post=6620"}],"version-history":[{"count":0,"href":"https:\/\/barazza.comunicazione21.com\/fr\/wp-json\/wp\/v2\/pages\/6620\/revisions"}],"up":[{"embeddable":true,"href":"https:\/\/barazza.comunicazione21.com\/fr\/wp-json\/wp\/v2\/pages\/6619"}],"wp:featuredmedia":[{"embeddable":true,"href":"https:\/\/barazza.comunicazione21.com\/fr\/wp-json\/wp\/v2\/media\/82106"}],"wp:attachment":[{"href":"https:\/\/barazza.comunicazione21.com\/fr\/wp-json\/wp\/v2\/media?parent=6620"}],"curies":[{"name":"wp","href":"https:\/\/api.w.org\/{rel}","templated":true}]}}