	{"id":6619,"date":"2014-05-22T18:02:50","date_gmt":"2014-05-22T16:02:50","guid":{"rendered":"https:\/\/barazza.comunicazione21.com\/barazza-company-2\/"},"modified":"2019-04-02T10:34:25","modified_gmt":"2019-04-02T08:34:25","slug":"barazza-company","status":"publish","type":"page","link":"https:\/\/barazza.comunicazione21.com\/fr\/barazza-company\/","title":{"rendered":"Company"},"content":{"rendered":"<p><strong>Barazza<\/strong> n&rsquo;est pas seulement une marque d&rsquo;<strong>\u00e9lectrom\u00e9nagers<\/strong>, mais c&rsquo;est avant tout le nom d&rsquo;une famille d&rsquo;entrepreneurs italiens qui a donn\u00e9 naissance \u00e0 une r\u00e9alit\u00e9 qui dans le secteur est synonyme d&rsquo;appareils aux <strong>prestations \u00e9lev\u00e9es<\/strong> et au <strong>design avanc\u00e9<\/strong>.<\/p>\n<p>C&rsquo;est le r\u00e9sultat d&rsquo;un engagement qui dure depuis presque cinquante ans et qui puise ses racines dans un terrain d&rsquo;entrepreneuriat fertile, sur lequel, apr\u00e8s la seconde guerre mondiale, elle a pu fournir une v\u00e9ritable <strong>culture de l&rsquo;\u00e9lectrom\u00e9nager<\/strong>.<\/p>\n<p>Barazza satisfait les attentes d&rsquo;un consommateur exigent et attentif aux transformations du go\u00fbt, en concevant et r\u00e9alisant des produits exclusifs o\u00f9 l&rsquo;<strong>innovation du styling<\/strong> suit de pr\u00e8s la capacit\u00e9 de fournir <strong>des r\u00e9ponses technologiques d&rsquo;avant-garde<\/strong> aux n\u00e9cessit\u00e9s quotidiennes.<\/p>\n","protected":false},"excerpt":{"rendered":"<p>Barazza n&rsquo;est pas seulement une marque d&rsquo;\u00e9lectrom\u00e9nagers, mais c&rsquo;est avant tout le nom d&rsquo;une famille d&rsquo;entrepreneurs italiens qui a donn\u00e9&#8230;<\/p>\n","protected":false},"author":1,"featured_media":0,"parent":0,"menu_order":196,"comment_status":"closed","ping_status":"closed","template":"","meta":[],"acf":[],"_links":{"self":[{"href":"https:\/\/barazza.comunicazione21.com\/fr\/wp-json\/wp\/v2\/pages\/6619"}],"collection":[{"href":"https:\/\/barazza.comunicazione21.com\/fr\/wp-json\/wp\/v2\/pages"}],"about":[{"href":"https:\/\/barazza.comunicazione21.com\/fr\/wp-json\/wp\/v2\/types\/page"}],"author":[{"embeddable":true,"href":"https:\/\/barazza.comunicazione21.com\/fr\/wp-json\/wp\/v2\/users\/1"}],"replies":[{"embeddable":true,"href":"https:\/\/barazza.comunicazione21.com\/fr\/wp-json\/wp\/v2\/comments?post=6619"}],"version-history":[{"count":0,"href":"https:\/\/barazza.comunicazione21.com\/fr\/wp-json\/wp\/v2\/pages\/6619\/revisions"}],"wp:attachment":[{"href":"https:\/\/barazza.comunicazione21.com\/fr\/wp-json\/wp\/v2\/media?parent=6619"}],"curies":[{"name":"wp","href":"https:\/\/api.w.org\/{rel}","templated":true}]}}