	{"id":6618,"date":"2014-05-22T18:17:21","date_gmt":"2014-05-22T16:17:21","guid":{"rendered":"https:\/\/barazza.comunicazione21.com\/contatti-barazza-2\/punti-vendita-barazza\/"},"modified":"2022-06-15T15:53:23","modified_gmt":"2022-06-15T13:53:23","slug":"points-de-vente","status":"publish","type":"page","link":"https:\/\/barazza.comunicazione21.com\/fr\/contacts-barazza\/points-de-vente\/","title":{"rendered":"Points de vente"},"content":{"rendered":"<p><span lang=\"fr-FR\">La carte du r\u00e9seau de distribution international fournit des indications utiles sur les <strong>points de vente et les distributeurs<\/strong> Barazza dans chaque zone d&rsquo;int\u00e9r\u00eat, avec adresse, num\u00e9ro de t\u00e9l\u00e9phone et e-mail.<\/span><\/p>\n<p><span lang=\"fr-FR\">En contactant votre distributeur local, vous pouvez obtenir des informations sur les magasins Barazza pr\u00e8s de chez vous.<\/span><\/p>\n","protected":false},"excerpt":{"rendered":"<p>La carte du r\u00e9seau de distribution international fournit des indications utiles sur les points de vente et les distributeurs Barazza&#8230;<\/p>\n","protected":false},"author":1,"featured_media":69870,"parent":6617,"menu_order":298,"comment_status":"closed","ping_status":"closed","template":"page-punti-vendita.php","meta":[],"acf":[],"_links":{"self":[{"href":"https:\/\/barazza.comunicazione21.com\/fr\/wp-json\/wp\/v2\/pages\/6618"}],"collection":[{"href":"https:\/\/barazza.comunicazione21.com\/fr\/wp-json\/wp\/v2\/pages"}],"about":[{"href":"https:\/\/barazza.comunicazione21.com\/fr\/wp-json\/wp\/v2\/types\/page"}],"author":[{"embeddable":true,"href":"https:\/\/barazza.comunicazione21.com\/fr\/wp-json\/wp\/v2\/users\/1"}],"replies":[{"embeddable":true,"href":"https:\/\/barazza.comunicazione21.com\/fr\/wp-json\/wp\/v2\/comments?post=6618"}],"version-history":[{"count":0,"href":"https:\/\/barazza.comunicazione21.com\/fr\/wp-json\/wp\/v2\/pages\/6618\/revisions"}],"up":[{"embeddable":true,"href":"https:\/\/barazza.comunicazione21.com\/fr\/wp-json\/wp\/v2\/pages\/6617"}],"wp:featuredmedia":[{"embeddable":true,"href":"https:\/\/barazza.comunicazione21.com\/fr\/wp-json\/wp\/v2\/media\/69870"}],"wp:attachment":[{"href":"https:\/\/barazza.comunicazione21.com\/fr\/wp-json\/wp\/v2\/media?parent=6618"}],"curies":[{"name":"wp","href":"https:\/\/api.w.org\/{rel}","templated":true}]}}