	{"id":6616,"date":"2014-06-03T11:50:22","date_gmt":"2014-06-03T09:50:22","guid":{"rendered":"https:\/\/barazza.comunicazione21.com\/prodotti-2\/cucine-su-misura\/cucine-personalizzate\/"},"modified":"2019-04-03T09:26:59","modified_gmt":"2019-04-03T07:26:59","slug":"cuisines-personnalisees","status":"publish","type":"page","link":"https:\/\/barazza.comunicazione21.com\/fr\/produits\/cuisines-sur-mesure\/cuisines-personnalisees\/","title":{"rendered":"R\u00e9alisation Hors s\u00e9rie"},"content":{"rendered":"<p>Des exemples de <strong>solutions personnalis\u00e9es<\/strong> et r\u00e9alis\u00e9es par Barazza peuvent \u00eatre consult\u00e9s dans les albums photo suivants : l&rsquo;efficace collaboration avec architectes, concepteurs et entreprises du meuble a contribuer \u00e0 la cr\u00e9ation de <strong>compositions d&rsquo;am\u00e9nagement uniques<\/strong>, originales et parfaitement ad\u00e9quates aux demandes du commettant. La versatilit\u00e9 de l&rsquo;acier inox, l&rsquo;\u00e9l\u00e9gance des lignes et le raffinement des d\u00e9tails permettent la r\u00e9alisation d&rsquo; <strong>\u00e9l\u00e9ments personnalis\u00e9s d&rsquo;une grande facture<\/strong> qui s&rsquo;ins\u00e8rent avec go\u00fbt dans tout contexte en donnant un style recherch\u00e9 et de la personnalit\u00e9 \u00e0 l&rsquo;espace ambiant.<\/p>\n","protected":false},"excerpt":{"rendered":"<p>Des exemples de solutions personnalis\u00e9es et r\u00e9alis\u00e9es par Barazza peuvent \u00eatre consult\u00e9s dans les albums photo suivants : l&rsquo;efficace collaboration&#8230;<\/p>\n","protected":false},"author":1,"featured_media":0,"parent":6615,"menu_order":92,"comment_status":"closed","ping_status":"closed","template":"","meta":[],"acf":[],"_links":{"self":[{"href":"https:\/\/barazza.comunicazione21.com\/fr\/wp-json\/wp\/v2\/pages\/6616"}],"collection":[{"href":"https:\/\/barazza.comunicazione21.com\/fr\/wp-json\/wp\/v2\/pages"}],"about":[{"href":"https:\/\/barazza.comunicazione21.com\/fr\/wp-json\/wp\/v2\/types\/page"}],"author":[{"embeddable":true,"href":"https:\/\/barazza.comunicazione21.com\/fr\/wp-json\/wp\/v2\/users\/1"}],"replies":[{"embeddable":true,"href":"https:\/\/barazza.comunicazione21.com\/fr\/wp-json\/wp\/v2\/comments?post=6616"}],"version-history":[{"count":0,"href":"https:\/\/barazza.comunicazione21.com\/fr\/wp-json\/wp\/v2\/pages\/6616\/revisions"}],"up":[{"embeddable":true,"href":"https:\/\/barazza.comunicazione21.com\/fr\/wp-json\/wp\/v2\/pages\/6615"}],"wp:attachment":[{"href":"https:\/\/barazza.comunicazione21.com\/fr\/wp-json\/wp\/v2\/media?parent=6616"}],"curies":[{"name":"wp","href":"https:\/\/api.w.org\/{rel}","templated":true}]}}