	{"id":6615,"date":"2014-06-03T11:38:28","date_gmt":"2014-06-03T09:38:28","guid":{"rendered":"https:\/\/barazza.comunicazione21.com\/prodotti-2\/cucine-su-misura\/"},"modified":"2022-06-15T16:07:07","modified_gmt":"2022-06-15T14:07:07","slug":"cuisines-sur-mesure","status":"publish","type":"page","link":"https:\/\/barazza.comunicazione21.com\/fr\/produits\/cuisines-sur-mesure\/","title":{"rendered":"Hors s\u00e9rie"},"content":{"rendered":"<p><span lang=\"fr-FR\">Les produits Hors s\u00e9rie sont l&rsquo;expression maximale des potentialit\u00e9s de Barazza qui, gr\u00e2ce \u00e0 son savoir-faire, est en mesure de donner d&rsquo;infinies formes \u00e0 la mati\u00e8re. En combinant les \u00e9l\u00e9ments de cuisson et de lavage avec des dimensions et des finitions personnalis\u00e9es, il est en effet possible d&rsquo;obtenir des <strong>solutions \u00ab&nbsp;sur mesure&nbsp;\u00bb d\u00e9coup\u00e9es sur mesure<\/strong> selon les n\u00e9cessit\u00e9s et les d\u00e9sirs des clients.<\/span><\/p>\n<p><span lang=\"fr-FR\">Le savoir-faire italien, la sensibilit\u00e9 au beau, le go\u00fbt pour la fonctionnalit\u00e9&nbsp;: c&rsquo;est de l\u00e0 que na\u00eet la volont\u00e9 de cr\u00e9er des cuisines sur mesure qui satisfont les exigences plus que personnelles, fonctionnelles, esth\u00e9tiques, \u00e9thiques.<\/span><\/p>\n","protected":false},"excerpt":{"rendered":"<p>Les produits Hors s\u00e9rie sont l&rsquo;expression maximale des potentialit\u00e9s de Barazza qui, gr\u00e2ce \u00e0 son savoir-faire, est en mesure de&#8230;<\/p>\n","protected":false},"author":1,"featured_media":45819,"parent":6609,"menu_order":81,"comment_status":"closed","ping_status":"closed","template":"page-fuoriserie.php","meta":[],"acf":[],"_links":{"self":[{"href":"https:\/\/barazza.comunicazione21.com\/fr\/wp-json\/wp\/v2\/pages\/6615"}],"collection":[{"href":"https:\/\/barazza.comunicazione21.com\/fr\/wp-json\/wp\/v2\/pages"}],"about":[{"href":"https:\/\/barazza.comunicazione21.com\/fr\/wp-json\/wp\/v2\/types\/page"}],"author":[{"embeddable":true,"href":"https:\/\/barazza.comunicazione21.com\/fr\/wp-json\/wp\/v2\/users\/1"}],"replies":[{"embeddable":true,"href":"https:\/\/barazza.comunicazione21.com\/fr\/wp-json\/wp\/v2\/comments?post=6615"}],"version-history":[{"count":0,"href":"https:\/\/barazza.comunicazione21.com\/fr\/wp-json\/wp\/v2\/pages\/6615\/revisions"}],"up":[{"embeddable":true,"href":"https:\/\/barazza.comunicazione21.com\/fr\/wp-json\/wp\/v2\/pages\/6609"}],"wp:featuredmedia":[{"embeddable":true,"href":"https:\/\/barazza.comunicazione21.com\/fr\/wp-json\/wp\/v2\/media\/45819"}],"wp:attachment":[{"href":"https:\/\/barazza.comunicazione21.com\/fr\/wp-json\/wp\/v2\/media?parent=6615"}],"curies":[{"name":"wp","href":"https:\/\/api.w.org\/{rel}","templated":true}]}}