	{"id":6614,"date":"2014-09-26T10:26:45","date_gmt":"2014-09-26T08:26:45","guid":{"rendered":"https:\/\/barazza.comunicazione21.com\/prodotti-2\/installazione-piano-cottura\/"},"modified":"2019-04-03T09:30:13","modified_gmt":"2019-04-03T07:30:13","slug":"installation-table-cuisson","status":"publish","type":"page","link":"https:\/\/barazza.comunicazione21.com\/fr\/produits\/installation-table-cuisson\/","title":{"rendered":"Installation"},"content":{"rendered":"<p>Les tables de cuisson, les \u00e9viers et les cuves carr\u00e9es Barazza peuvent \u00eatre int\u00e9gr\u00e9s sur le plan de travail moyennant diff\u00e9rentes solutions et modalit\u00e9s d&rsquo;installation.<\/p>\n","protected":false},"excerpt":{"rendered":"<p>Les tables de cuisson, les \u00e9viers et les cuves carr\u00e9es Barazza peuvent \u00eatre int\u00e9gr\u00e9s sur le plan de travail moyennant&#8230;<\/p>\n","protected":false},"author":1,"featured_media":0,"parent":6609,"menu_order":185,"comment_status":"closed","ping_status":"closed","template":"page-installazione.php","meta":[],"acf":[],"_links":{"self":[{"href":"https:\/\/barazza.comunicazione21.com\/fr\/wp-json\/wp\/v2\/pages\/6614"}],"collection":[{"href":"https:\/\/barazza.comunicazione21.com\/fr\/wp-json\/wp\/v2\/pages"}],"about":[{"href":"https:\/\/barazza.comunicazione21.com\/fr\/wp-json\/wp\/v2\/types\/page"}],"author":[{"embeddable":true,"href":"https:\/\/barazza.comunicazione21.com\/fr\/wp-json\/wp\/v2\/users\/1"}],"replies":[{"embeddable":true,"href":"https:\/\/barazza.comunicazione21.com\/fr\/wp-json\/wp\/v2\/comments?post=6614"}],"version-history":[{"count":0,"href":"https:\/\/barazza.comunicazione21.com\/fr\/wp-json\/wp\/v2\/pages\/6614\/revisions"}],"up":[{"embeddable":true,"href":"https:\/\/barazza.comunicazione21.com\/fr\/wp-json\/wp\/v2\/pages\/6609"}],"wp:attachment":[{"href":"https:\/\/barazza.comunicazione21.com\/fr\/wp-json\/wp\/v2\/media?parent=6614"}],"curies":[{"name":"wp","href":"https:\/\/api.w.org\/{rel}","templated":true}]}}