	{"id":6613,"date":"2014-06-03T11:28:31","date_gmt":"2014-06-03T09:28:31","guid":{"rendered":"https:\/\/barazza.comunicazione21.com\/cucine-componibili\/lab-fusion\/"},"modified":"2022-06-15T12:16:36","modified_gmt":"2022-06-15T10:16:36","slug":"lab-fusion","status":"publish","type":"page","link":"https:\/\/barazza.comunicazione21.com\/fr\/produits\/cuisines-modulaires\/lab-fusion\/","title":{"rendered":"Lab Fusion"},"content":{"rendered":"<p><span lang=\"fr-FR\">En combinant des <strong>\u00e9quipements de cuisson et de lavage dans des tailles et des finitions personnalis\u00e9es<\/strong>, vous pouvez obtenir des r\u00e9sultats originaux et tr\u00e8s exclusifs.<\/span><\/p>\n<p>Le design des syst\u00e8mes Lab Fusion est synonyme d&rsquo;\u00e9l\u00e9gance et de praticit\u00e9 d&rsquo;utilisation. Il est possible de choisir parmi les diff\u00e9rentes typologies de tables de cuisson Lab et de cuves carr\u00e9es et de r\u00e9aliser un unique plan personnalis\u00e9 avec des \u00e9l\u00e9ments rabaiss\u00e9s \u00e0 encastrer ou \u00e0 installer au ras du plan. Les logements de la cuisson et des cuves, align\u00e9s au m\u00eame niveau, permettent le coulissement de grilles et planches \u00e0 d\u00e9couper en acier. Tout cela en compl\u00e8te la fonctionnalit\u00e9 et facilite les normales op\u00e9rations de nettoyage.<\/p>\n","protected":false},"excerpt":{"rendered":"<p>En combinant des \u00e9quipements de cuisson et de lavage dans des tailles et des finitions personnalis\u00e9es, vous pouvez obtenir des&#8230;<\/p>\n","protected":false},"author":1,"featured_media":35931,"parent":6608,"menu_order":125,"comment_status":"closed","ping_status":"closed","template":"page-fusion-lab.php","meta":[],"acf":[],"_links":{"self":[{"href":"https:\/\/barazza.comunicazione21.com\/fr\/wp-json\/wp\/v2\/pages\/6613"}],"collection":[{"href":"https:\/\/barazza.comunicazione21.com\/fr\/wp-json\/wp\/v2\/pages"}],"about":[{"href":"https:\/\/barazza.comunicazione21.com\/fr\/wp-json\/wp\/v2\/types\/page"}],"author":[{"embeddable":true,"href":"https:\/\/barazza.comunicazione21.com\/fr\/wp-json\/wp\/v2\/users\/1"}],"replies":[{"embeddable":true,"href":"https:\/\/barazza.comunicazione21.com\/fr\/wp-json\/wp\/v2\/comments?post=6613"}],"version-history":[{"count":0,"href":"https:\/\/barazza.comunicazione21.com\/fr\/wp-json\/wp\/v2\/pages\/6613\/revisions"}],"up":[{"embeddable":true,"href":"https:\/\/barazza.comunicazione21.com\/fr\/wp-json\/wp\/v2\/pages\/6608"}],"wp:featuredmedia":[{"embeddable":true,"href":"https:\/\/barazza.comunicazione21.com\/fr\/wp-json\/wp\/v2\/media\/35931"}],"wp:attachment":[{"href":"https:\/\/barazza.comunicazione21.com\/fr\/wp-json\/wp\/v2\/media?parent=6613"}],"curies":[{"name":"wp","href":"https:\/\/api.w.org\/{rel}","templated":true}]}}