	{"id":6612,"date":"2014-06-03T11:29:14","date_gmt":"2014-06-03T09:29:14","guid":{"rendered":"https:\/\/barazza.comunicazione21.com\/cucine-componibili\/progettare-una-cucina\/"},"modified":"2022-06-15T16:43:09","modified_gmt":"2022-06-15T14:43:09","slug":"concevoir-une-cuisine","status":"publish","type":"page","link":"https:\/\/barazza.comunicazione21.com\/fr\/produits\/cuisines-modulaires\/b_free-fusion\/concevoir-une-cuisine\/","title":{"rendered":"Guide B_Free Fusion"},"content":{"rendered":"<p><strong>Concevoir un plan de travail de cuisine<\/strong> en ligne peut sembler complexe pour ceux qui n&rsquo;ont pas de comp\u00e9tences techniques ou professionnelles sp\u00e9cifiques. Avec les solutions Barazza, toutefois, concevoir une cuisine n&rsquo;a jamais \u00e9t\u00e9 aussi simple: gr\u00e2ce aux <strong>configurateurs Lab et B_Free Fusion<\/strong>, n&rsquo;importe qui peut pr\u00e9disposer sa cuisine selon ses go\u00fbts et ses exigences. Il suffit d&rsquo;acc\u00e9der au <strong>configurateur en ligne<\/strong> et de s\u00e9lectionner les produits souhait\u00e9s en indiquant les dimensions et les sp\u00e9cifications, pour obtenir sa propre table de cuisson \u00e0 encastrement sur mesure. Les produits B_Free Barazza sont extr\u00eamement pratiques : un syst\u00e8me modulaire de fours, tables de cuisson et \u00e9viers \u00e0 associer de la mani\u00e8re souhait\u00e9e pour obtenir une table de cuisson adapt\u00e9e \u00e0 ses propres exigences. De l&rsquo;\u00e9volution du programme modulaire B_Free est n\u00e9 B_Free Fusion, projet qui permet de personnaliser au maximum votre plan de travail, en l&rsquo;\u00e9quipant avec les \u00e9l\u00e9ments correspondant le plus \u00e0 la sp\u00e9cificit\u00e9 des exigences et en obtenant un unique plan en acier inox \u00e0 encastrement o\u00f9 toutes les fonctions sont int\u00e9gr\u00e9es. Apr\u00e8s avoir cr\u00e9\u00e9 sa propre table de cuisson, il est possible de t\u00e9l\u00e9charger un r\u00e9capitulatif des produits s\u00e9lectionn\u00e9s, avec mesures et d\u00e9tails, et un dessin <strong>en 3D<\/strong> du plan de travail. Si vous le souhaitez, il est \u00e9galement possible d&rsquo;envoyer \u00e0 l&rsquo;entreprise une demande instantan\u00e9e <strong>de devis<\/strong> sur la base du projet r\u00e9alis\u00e9.<\/p>\n","protected":false},"excerpt":{"rendered":"<p>Concevoir un plan de travail de cuisine en ligne peut sembler complexe pour ceux qui n&rsquo;ont pas de comp\u00e9tences techniques&#8230;<\/p>\n","protected":false},"author":1,"featured_media":0,"parent":6610,"menu_order":119,"comment_status":"closed","ping_status":"closed","template":"page-configuratore.php","meta":[],"acf":[],"_links":{"self":[{"href":"https:\/\/barazza.comunicazione21.com\/fr\/wp-json\/wp\/v2\/pages\/6612"}],"collection":[{"href":"https:\/\/barazza.comunicazione21.com\/fr\/wp-json\/wp\/v2\/pages"}],"about":[{"href":"https:\/\/barazza.comunicazione21.com\/fr\/wp-json\/wp\/v2\/types\/page"}],"author":[{"embeddable":true,"href":"https:\/\/barazza.comunicazione21.com\/fr\/wp-json\/wp\/v2\/users\/1"}],"replies":[{"embeddable":true,"href":"https:\/\/barazza.comunicazione21.com\/fr\/wp-json\/wp\/v2\/comments?post=6612"}],"version-history":[{"count":0,"href":"https:\/\/barazza.comunicazione21.com\/fr\/wp-json\/wp\/v2\/pages\/6612\/revisions"}],"up":[{"embeddable":true,"href":"https:\/\/barazza.comunicazione21.com\/fr\/wp-json\/wp\/v2\/pages\/6610"}],"wp:attachment":[{"href":"https:\/\/barazza.comunicazione21.com\/fr\/wp-json\/wp\/v2\/media?parent=6612"}],"curies":[{"name":"wp","href":"https:\/\/api.w.org\/{rel}","templated":true}]}}