	{"id":6611,"date":"2014-06-03T11:31:39","date_gmt":"2014-06-03T09:31:39","guid":{"rendered":"https:\/\/barazza.comunicazione21.com\/cucine-componibili\/progettare-una-cucina-online\/"},"modified":"2022-06-15T16:54:51","modified_gmt":"2022-06-15T14:54:51","slug":"concevoir-une-cuisine-en-ligne","status":"publish","type":"page","link":"https:\/\/barazza.comunicazione21.com\/fr\/produits\/cuisines-modulaires\/lab-fusion\/concevoir-une-cuisine-en-ligne\/","title":{"rendered":"Guide Lab Fusion"},"content":{"rendered":"<p><strong>Concevoir un plan de travail de cuisine<\/strong> <strong>en ligne<\/strong> peut sembler complexe pour ceux qui n&rsquo;ont pas de comp\u00e9tences techniques ou professionnelles sp\u00e9cifiques. Avec les solutions Barazza, toutefois, concevoir une cuisine n&rsquo;a jamais \u00e9t\u00e9 aussi simple\u00a0: gr\u00e2ce aux <strong>configurateurs Lab et B_Free Fusion<\/strong>, n&rsquo;importe qui peut pr\u00e9disposer sa cuisine selon ses go\u00fbts et ses exigences. Il suffit d&rsquo;acc\u00e9der au configurateur en ligne et de s\u00e9lectionner les produits souhait\u00e9s en indiquant les dimensions et les sp\u00e9cifications, pour obtenir sa propre <strong>table de cuisson \u00e0 encastrement sur mesure<\/strong>. Les produits Lab Barazza sont orient\u00e9s vers l&rsquo;\u00e9l\u00e9gance et la fonctionnalit\u00e9 et caract\u00e9ris\u00e9s par les surfaces au ras du plan. Il est possible d&rsquo;int\u00e9grer avec praticit\u00e9 des accessoires en acier inox tels que les planches \u00e0 d\u00e9couper et les grilles. Le configurateur Lab Fusion permet de combiner les diff\u00e9rentes typologies de tables de cuisson Lab et les cuves carr\u00e9es Lab, en choisissant les dimensions et les caract\u00e9ristiques pour concevoir une cuisine en ligne selon ses propres exigences. Apr\u00e8s avoir cr\u00e9\u00e9 sa propre table de cuisson, il est possible de t\u00e9l\u00e9charger un r\u00e9capitulatif des produits s\u00e9lectionn\u00e9s, avec mesures et d\u00e9tails, et un dessin en 3D du plan de travail. Si vous le souhaitez, il est \u00e9galement possible d&rsquo;envoyer \u00e0 l&rsquo;entreprise une demande instantan\u00e9e de devis sur la base du projet r\u00e9alis\u00e9. Concevoir un <strong>plan de travail en ligne<\/strong> n&rsquo;a jamais \u00e9t\u00e9 si simple\u00a0!<\/p>\n","protected":false},"excerpt":{"rendered":"<p>Concevoir un plan de travail de cuisine en ligne peut sembler complexe pour ceux qui n&rsquo;ont pas de comp\u00e9tences techniques&#8230;<\/p>\n","protected":false},"author":1,"featured_media":0,"parent":6613,"menu_order":138,"comment_status":"closed","ping_status":"closed","template":"page-configuratore.php","meta":[],"acf":[],"_links":{"self":[{"href":"https:\/\/barazza.comunicazione21.com\/fr\/wp-json\/wp\/v2\/pages\/6611"}],"collection":[{"href":"https:\/\/barazza.comunicazione21.com\/fr\/wp-json\/wp\/v2\/pages"}],"about":[{"href":"https:\/\/barazza.comunicazione21.com\/fr\/wp-json\/wp\/v2\/types\/page"}],"author":[{"embeddable":true,"href":"https:\/\/barazza.comunicazione21.com\/fr\/wp-json\/wp\/v2\/users\/1"}],"replies":[{"embeddable":true,"href":"https:\/\/barazza.comunicazione21.com\/fr\/wp-json\/wp\/v2\/comments?post=6611"}],"version-history":[{"count":0,"href":"https:\/\/barazza.comunicazione21.com\/fr\/wp-json\/wp\/v2\/pages\/6611\/revisions"}],"up":[{"embeddable":true,"href":"https:\/\/barazza.comunicazione21.com\/fr\/wp-json\/wp\/v2\/pages\/6613"}],"wp:attachment":[{"href":"https:\/\/barazza.comunicazione21.com\/fr\/wp-json\/wp\/v2\/media?parent=6611"}],"curies":[{"name":"wp","href":"https:\/\/api.w.org\/{rel}","templated":true}]}}