	{"id":6610,"date":"2014-06-03T11:28:01","date_gmt":"2014-06-03T09:28:01","guid":{"rendered":"https:\/\/barazza.comunicazione21.com\/cucine-componibili\/b_free-fusion\/"},"modified":"2022-06-15T12:05:40","modified_gmt":"2022-06-15T10:05:40","slug":"b_free-fusion","status":"publish","type":"page","link":"https:\/\/barazza.comunicazione21.com\/fr\/produits\/cuisines-modulaires\/b_free-fusion\/","title":{"rendered":"B_Free Fusion"},"content":{"rendered":"<p><span lang=\"fr-FR\">De l&rsquo;\u00e9volution du programme modulaire B_Free est n\u00e9 <strong>B_Free Fusion<\/strong>, projet qui permet de personnaliser au maximum votre plan de travail, en l&rsquo;\u00e9quipant avec les \u00e9l\u00e9ments correspondant le plus \u00e0 la sp\u00e9cificit\u00e9 des exigences et en obtenant un <strong>unique plan en acier inox \u00e0 encastrement<\/strong> o\u00f9 toutes les fonctions sont int\u00e9gr\u00e9es.<\/span><\/p>\n<p><span lang=\"fr-FR\">Le plan de travail B_Free Fusion peut \u00eatre compos\u00e9 de diff\u00e9rents types de tables de <strong>cuisson \u00e0 gaz, \u00e0 induction, barbecue ou teppanyaki<\/strong>, combin\u00e9es avec des <strong>cuves carr\u00e9es de diff\u00e9rentes dimensions<\/strong>.<\/span><\/p>\n","protected":false},"excerpt":{"rendered":"<p>De l&rsquo;\u00e9volution du programme modulaire B_Free est n\u00e9 B_Free Fusion, projet qui permet de personnaliser au maximum votre plan de&#8230;<\/p>\n","protected":false},"author":1,"featured_media":35939,"parent":6608,"menu_order":106,"comment_status":"closed","ping_status":"closed","template":"page-fusion-bfree.php","meta":[],"acf":[],"_links":{"self":[{"href":"https:\/\/barazza.comunicazione21.com\/fr\/wp-json\/wp\/v2\/pages\/6610"}],"collection":[{"href":"https:\/\/barazza.comunicazione21.com\/fr\/wp-json\/wp\/v2\/pages"}],"about":[{"href":"https:\/\/barazza.comunicazione21.com\/fr\/wp-json\/wp\/v2\/types\/page"}],"author":[{"embeddable":true,"href":"https:\/\/barazza.comunicazione21.com\/fr\/wp-json\/wp\/v2\/users\/1"}],"replies":[{"embeddable":true,"href":"https:\/\/barazza.comunicazione21.com\/fr\/wp-json\/wp\/v2\/comments?post=6610"}],"version-history":[{"count":0,"href":"https:\/\/barazza.comunicazione21.com\/fr\/wp-json\/wp\/v2\/pages\/6610\/revisions"}],"up":[{"embeddable":true,"href":"https:\/\/barazza.comunicazione21.com\/fr\/wp-json\/wp\/v2\/pages\/6608"}],"wp:featuredmedia":[{"embeddable":true,"href":"https:\/\/barazza.comunicazione21.com\/fr\/wp-json\/wp\/v2\/media\/35939"}],"wp:attachment":[{"href":"https:\/\/barazza.comunicazione21.com\/fr\/wp-json\/wp\/v2\/media?parent=6610"}],"curies":[{"name":"wp","href":"https:\/\/api.w.org\/{rel}","templated":true}]}}