	{"id":6608,"date":"2014-06-03T11:27:09","date_gmt":"2014-06-03T09:27:09","guid":{"rendered":"https:\/\/barazza.comunicazione21.com\/cucine-componibili\/"},"modified":"2022-10-27T09:46:08","modified_gmt":"2022-10-27T07:46:08","slug":"cuisines-modulaires","status":"publish","type":"page","link":"https:\/\/barazza.comunicazione21.com\/fr\/produits\/cuisines-modulaires\/","title":{"rendered":"Fusion"},"content":{"rendered":"<p><span lang=\"fr-FR\">Fusion est un espace de pur design qui fournit toutes les fonctions n\u00e9cessaires dans une cuisine moderne en <strong>un unique plan en acier \u00e0 encastrement<\/strong>. En combinant les \u00e9l\u00e9ments de cuisson et de lavage avec des dimensions et des finitions personnalis\u00e9es, on obtient des solutions in\u00e9dites pour des <strong>cuisines am\u00e9nag\u00e9es<\/strong> et <strong>extr\u00eamement exclusives<\/strong>.<\/span><\/p>\n<p><span lang=\"fr-FR\">Pour compl\u00e9ter le syst\u00e8me de cuisine am\u00e9nag\u00e9e Fusion pr\u00e9voit \u00e9galement la hotte, dont l&rsquo;\u00e9tag\u00e8re peut \u00eatre r\u00e9alis\u00e9e selon vos exigences.<\/span><\/p>\n","protected":false},"excerpt":{"rendered":"<p>Fusion est un espace de pur design qui fournit toutes les fonctions n\u00e9cessaires dans une cuisine moderne en un unique&#8230;<\/p>\n","protected":false},"author":1,"featured_media":37859,"parent":6609,"menu_order":87,"comment_status":"closed","ping_status":"closed","template":"page-fusion.php","meta":[],"acf":[],"_links":{"self":[{"href":"https:\/\/barazza.comunicazione21.com\/fr\/wp-json\/wp\/v2\/pages\/6608"}],"collection":[{"href":"https:\/\/barazza.comunicazione21.com\/fr\/wp-json\/wp\/v2\/pages"}],"about":[{"href":"https:\/\/barazza.comunicazione21.com\/fr\/wp-json\/wp\/v2\/types\/page"}],"author":[{"embeddable":true,"href":"https:\/\/barazza.comunicazione21.com\/fr\/wp-json\/wp\/v2\/users\/1"}],"replies":[{"embeddable":true,"href":"https:\/\/barazza.comunicazione21.com\/fr\/wp-json\/wp\/v2\/comments?post=6608"}],"version-history":[{"count":1,"href":"https:\/\/barazza.comunicazione21.com\/fr\/wp-json\/wp\/v2\/pages\/6608\/revisions"}],"predecessor-version":[{"id":82235,"href":"https:\/\/barazza.comunicazione21.com\/fr\/wp-json\/wp\/v2\/pages\/6608\/revisions\/82235"}],"up":[{"embeddable":true,"href":"https:\/\/barazza.comunicazione21.com\/fr\/wp-json\/wp\/v2\/pages\/6609"}],"wp:featuredmedia":[{"embeddable":true,"href":"https:\/\/barazza.comunicazione21.com\/fr\/wp-json\/wp\/v2\/media\/37859"}],"wp:attachment":[{"href":"https:\/\/barazza.comunicazione21.com\/fr\/wp-json\/wp\/v2\/media?parent=6608"}],"curies":[{"name":"wp","href":"https:\/\/api.w.org\/{rel}","templated":true}]}}