	{"id":6607,"date":"2014-05-23T11:36:12","date_gmt":"2014-05-23T09:36:12","guid":{"rendered":"https:\/\/barazza.comunicazione21.com\/elettrodomestici-design-2\/newsletter-barazza\/"},"modified":"2016-02-16T16:08:53","modified_gmt":"2016-02-16T15:08:53","slug":"newsletter-barazza","status":"publish","type":"page","link":"https:\/\/barazza.comunicazione21.com\/fr\/contacts-barazza\/newsletter-barazza\/","title":{"rendered":"Newsletter"},"content":{"rendered":"<p>Saisissez votre adresse email et vous recevrez toutes les mises \u00e0 jour du monde des \u00e9lectrom\u00e9nagers et \u00e9viers pour cuisine Barazza directement dans votre bo\u00eete postale.<\/p>\n","protected":false},"excerpt":{"rendered":"<p>Saisissez votre adresse email et vous recevrez toutes les mises \u00e0 jour du monde des \u00e9lectrom\u00e9nagers et \u00e9viers pour cuisine&#8230;<\/p>\n","protected":false},"author":1,"featured_media":69978,"parent":6617,"menu_order":322,"comment_status":"closed","ping_status":"closed","template":"page-newsletter.php","meta":[],"acf":[],"_links":{"self":[{"href":"https:\/\/barazza.comunicazione21.com\/fr\/wp-json\/wp\/v2\/pages\/6607"}],"collection":[{"href":"https:\/\/barazza.comunicazione21.com\/fr\/wp-json\/wp\/v2\/pages"}],"about":[{"href":"https:\/\/barazza.comunicazione21.com\/fr\/wp-json\/wp\/v2\/types\/page"}],"author":[{"embeddable":true,"href":"https:\/\/barazza.comunicazione21.com\/fr\/wp-json\/wp\/v2\/users\/1"}],"replies":[{"embeddable":true,"href":"https:\/\/barazza.comunicazione21.com\/fr\/wp-json\/wp\/v2\/comments?post=6607"}],"version-history":[{"count":0,"href":"https:\/\/barazza.comunicazione21.com\/fr\/wp-json\/wp\/v2\/pages\/6607\/revisions"}],"up":[{"embeddable":true,"href":"https:\/\/barazza.comunicazione21.com\/fr\/wp-json\/wp\/v2\/pages\/6617"}],"wp:featuredmedia":[{"embeddable":true,"href":"https:\/\/barazza.comunicazione21.com\/fr\/wp-json\/wp\/v2\/media\/69978"}],"wp:attachment":[{"href":"https:\/\/barazza.comunicazione21.com\/fr\/wp-json\/wp\/v2\/media?parent=6607"}],"curies":[{"name":"wp","href":"https:\/\/api.w.org\/{rel}","templated":true}]}}