	{"id":6606,"date":"2014-05-23T11:42:16","date_gmt":"2014-05-23T09:42:16","guid":{"rendered":"https:\/\/barazza.comunicazione21.com\/cucina-completa\/"},"modified":"2022-06-15T11:15:17","modified_gmt":"2022-06-15T09:15:17","slug":"cuisine-entierement-equipee","status":"publish","type":"page","link":"https:\/\/barazza.comunicazione21.com\/fr\/produits\/cuisine-entierement-equipee\/","title":{"rendered":"Collections"},"content":{"rendered":"<p><span lang=\"fr-FR\">Les solutions Barazza pour votre cuisine compl\u00e8te comprennent d&rsquo;\u00e9l\u00e9gantes collections de fours, tables de cuisson, \u00e9viers, hottes, robinets et accessoires, con\u00e7us et r\u00e9alis\u00e9s selon une esth\u00e9tique fortement distinctive. Les d\u00e9tails, rigoureusement coordonn\u00e9s, du type de bord \u00e0 la finition de l&rsquo;acier, des manettes aux accessoires d\u00e9di\u00e9s, donnent de la personnalit\u00e9 et enrichissent toute cuisine.<\/span><\/p>\n","protected":false},"excerpt":{"rendered":"<p>Les solutions Barazza pour votre cuisine compl\u00e8te comprennent d&rsquo;\u00e9l\u00e9gantes collections de fours, tables de cuisson, \u00e9viers, hottes, robinets et accessoires,&#8230;<\/p>\n","protected":false},"author":1,"featured_media":37923,"parent":6609,"menu_order":99,"comment_status":"closed","ping_status":"closed","template":"page-collezione.php","meta":[],"acf":[],"_links":{"self":[{"href":"https:\/\/barazza.comunicazione21.com\/fr\/wp-json\/wp\/v2\/pages\/6606"}],"collection":[{"href":"https:\/\/barazza.comunicazione21.com\/fr\/wp-json\/wp\/v2\/pages"}],"about":[{"href":"https:\/\/barazza.comunicazione21.com\/fr\/wp-json\/wp\/v2\/types\/page"}],"author":[{"embeddable":true,"href":"https:\/\/barazza.comunicazione21.com\/fr\/wp-json\/wp\/v2\/users\/1"}],"replies":[{"embeddable":true,"href":"https:\/\/barazza.comunicazione21.com\/fr\/wp-json\/wp\/v2\/comments?post=6606"}],"version-history":[{"count":0,"href":"https:\/\/barazza.comunicazione21.com\/fr\/wp-json\/wp\/v2\/pages\/6606\/revisions"}],"up":[{"embeddable":true,"href":"https:\/\/barazza.comunicazione21.com\/fr\/wp-json\/wp\/v2\/pages\/6609"}],"wp:featuredmedia":[{"embeddable":true,"href":"https:\/\/barazza.comunicazione21.com\/fr\/wp-json\/wp\/v2\/media\/37923"}],"wp:attachment":[{"href":"https:\/\/barazza.comunicazione21.com\/fr\/wp-json\/wp\/v2\/media?parent=6606"}],"curies":[{"name":"wp","href":"https:\/\/api.w.org\/{rel}","templated":true}]}}