	{"id":6605,"date":"2014-05-23T11:35:49","date_gmt":"2014-05-23T09:35:49","guid":{"rendered":"https:\/\/barazza.comunicazione21.com\/elettrodomestici-design-2\/catalogo-barazza\/"},"modified":"2022-12-23T13:46:56","modified_gmt":"2022-12-23T12:46:56","slug":"catalogue-barazza","status":"publish","type":"page","link":"https:\/\/barazza.comunicazione21.com\/fr\/catalogue-barazza\/","title":{"rendered":"Catalogues"},"content":{"rendered":"<p>Souhaitez-vous consulter les <strong>catalogues Barazza<\/strong> pour conna\u00eetre toutes les collections de produits ? Dans cette section, vous pourrez visualiser et t\u00e9l\u00e9charger tous les catalogues <strong>Barazza<\/strong>.<\/p>\n","protected":false},"excerpt":{"rendered":"<p>Souhaitez-vous consulter les catalogues Barazza pour conna\u00eetre toutes les collections de produits ? Dans cette section, vous pourrez visualiser et&#8230;<\/p>\n","protected":false},"author":1,"featured_media":69988,"parent":0,"menu_order":268,"comment_status":"closed","ping_status":"closed","template":"page-cataloghi.php","meta":[],"acf":[],"_links":{"self":[{"href":"https:\/\/barazza.comunicazione21.com\/fr\/wp-json\/wp\/v2\/pages\/6605"}],"collection":[{"href":"https:\/\/barazza.comunicazione21.com\/fr\/wp-json\/wp\/v2\/pages"}],"about":[{"href":"https:\/\/barazza.comunicazione21.com\/fr\/wp-json\/wp\/v2\/types\/page"}],"author":[{"embeddable":true,"href":"https:\/\/barazza.comunicazione21.com\/fr\/wp-json\/wp\/v2\/users\/1"}],"replies":[{"embeddable":true,"href":"https:\/\/barazza.comunicazione21.com\/fr\/wp-json\/wp\/v2\/comments?post=6605"}],"version-history":[{"count":9,"href":"https:\/\/barazza.comunicazione21.com\/fr\/wp-json\/wp\/v2\/pages\/6605\/revisions"}],"predecessor-version":[{"id":82736,"href":"https:\/\/barazza.comunicazione21.com\/fr\/wp-json\/wp\/v2\/pages\/6605\/revisions\/82736"}],"wp:featuredmedia":[{"embeddable":true,"href":"https:\/\/barazza.comunicazione21.com\/fr\/wp-json\/wp\/v2\/media\/69988"}],"wp:attachment":[{"href":"https:\/\/barazza.comunicazione21.com\/fr\/wp-json\/wp\/v2\/media?parent=6605"}],"curies":[{"name":"wp","href":"https:\/\/api.w.org\/{rel}","templated":true}]}}