	{"id":6602,"date":"2014-05-23T11:00:33","date_gmt":"2014-05-23T09:00:33","guid":{"rendered":"https:\/\/barazza.comunicazione21.com\/servizio-clienti-2\/"},"modified":"2019-04-03T09:38:50","modified_gmt":"2019-04-03T07:38:50","slug":"service-client","status":"publish","type":"page","link":"https:\/\/barazza.comunicazione21.com\/fr\/service-client\/","title":{"rendered":"Service Clients"},"content":{"rendered":"<p>Barazza offre un <strong>service clients complet, efficace et ponctuel<\/strong>, aussi bien pendant la phase de pr\u00e9-vente, que pendant l&rsquo;achat, puis l&rsquo;apr\u00e8s-vente. Barazza a par ailleurs cr\u00e9\u00e9 et organis\u00e9 un <strong>Service d&rsquo;Assistance<\/strong> avec des techniciens hautement sp\u00e9cialis\u00e9s, comme confirmation du professionnalisme absolu de l&rsquo;entreprise.<\/p>\n","protected":false},"excerpt":{"rendered":"<p>Barazza offre un service clients complet, efficace et ponctuel, aussi bien pendant la phase de pr\u00e9-vente, que pendant l&rsquo;achat, puis&#8230;<\/p>\n","protected":false},"author":1,"featured_media":37955,"parent":0,"menu_order":231,"comment_status":"closed","ping_status":"closed","template":"","meta":[],"acf":[],"_links":{"self":[{"href":"https:\/\/barazza.comunicazione21.com\/fr\/wp-json\/wp\/v2\/pages\/6602"}],"collection":[{"href":"https:\/\/barazza.comunicazione21.com\/fr\/wp-json\/wp\/v2\/pages"}],"about":[{"href":"https:\/\/barazza.comunicazione21.com\/fr\/wp-json\/wp\/v2\/types\/page"}],"author":[{"embeddable":true,"href":"https:\/\/barazza.comunicazione21.com\/fr\/wp-json\/wp\/v2\/users\/1"}],"replies":[{"embeddable":true,"href":"https:\/\/barazza.comunicazione21.com\/fr\/wp-json\/wp\/v2\/comments?post=6602"}],"version-history":[{"count":0,"href":"https:\/\/barazza.comunicazione21.com\/fr\/wp-json\/wp\/v2\/pages\/6602\/revisions"}],"wp:featuredmedia":[{"embeddable":true,"href":"https:\/\/barazza.comunicazione21.com\/fr\/wp-json\/wp\/v2\/media\/37955"}],"wp:attachment":[{"href":"https:\/\/barazza.comunicazione21.com\/fr\/wp-json\/wp\/v2\/media?parent=6602"}],"curies":[{"name":"wp","href":"https:\/\/api.w.org\/{rel}","templated":true}]}}