	{"id":6601,"date":"2014-05-22T18:16:36","date_gmt":"2014-05-22T16:16:36","guid":{"rendered":"https:\/\/barazza.comunicazione21.com\/lavoro-barazza\/"},"modified":"2019-04-03T09:42:34","modified_gmt":"2019-04-03T07:42:34","slug":"travaillez-avec-nous","status":"publish","type":"page","link":"https:\/\/barazza.comunicazione21.com\/fr\/contacts-barazza\/travaillez-avec-nous\/","title":{"rendered":"Travaillez avec nous"},"content":{"rendered":"<p>Souhaitez-vous conna\u00eetre les <strong>opportunit\u00e9s de travail Barazza<\/strong> ?<\/p>\n<p>Barazza est une entreprise faite de personnes, de comp\u00e9tences, de passion. Le si\u00e8ge de la production de Santa Lucia di Piave, Tr\u00e9vise, est le c\u0153ur de toutes les activit\u00e9s, qui s&rsquo;inspirent de la cr\u00e9ativit\u00e9 typique du Made in Italy et mettent \u00e0 profit la valeur du territoire, lieu suggestif de la longue tradition manufacturi\u00e8re, non loin de la splendide Venise.<\/p>\n","protected":false},"excerpt":{"rendered":"<p>Souhaitez-vous conna\u00eetre les opportunit\u00e9s de travail Barazza ? Barazza est une entreprise faite de personnes, de comp\u00e9tences, de passion. Le&#8230;<\/p>\n","protected":false},"author":1,"featured_media":69968,"parent":6617,"menu_order":316,"comment_status":"closed","ping_status":"closed","template":"page-job.php","meta":[],"acf":[],"_links":{"self":[{"href":"https:\/\/barazza.comunicazione21.com\/fr\/wp-json\/wp\/v2\/pages\/6601"}],"collection":[{"href":"https:\/\/barazza.comunicazione21.com\/fr\/wp-json\/wp\/v2\/pages"}],"about":[{"href":"https:\/\/barazza.comunicazione21.com\/fr\/wp-json\/wp\/v2\/types\/page"}],"author":[{"embeddable":true,"href":"https:\/\/barazza.comunicazione21.com\/fr\/wp-json\/wp\/v2\/users\/1"}],"replies":[{"embeddable":true,"href":"https:\/\/barazza.comunicazione21.com\/fr\/wp-json\/wp\/v2\/comments?post=6601"}],"version-history":[{"count":0,"href":"https:\/\/barazza.comunicazione21.com\/fr\/wp-json\/wp\/v2\/pages\/6601\/revisions"}],"up":[{"embeddable":true,"href":"https:\/\/barazza.comunicazione21.com\/fr\/wp-json\/wp\/v2\/pages\/6617"}],"wp:featuredmedia":[{"embeddable":true,"href":"https:\/\/barazza.comunicazione21.com\/fr\/wp-json\/wp\/v2\/media\/69968"}],"wp:attachment":[{"href":"https:\/\/barazza.comunicazione21.com\/fr\/wp-json\/wp\/v2\/media?parent=6601"}],"curies":[{"name":"wp","href":"https:\/\/api.w.org\/{rel}","templated":true}]}}