	{"id":6599,"date":"2014-05-22T18:14:56","date_gmt":"2014-05-22T16:14:56","guid":{"rendered":"https:\/\/barazza.comunicazione21.com\/barazza-treviso\/"},"modified":"2022-06-15T15:58:09","modified_gmt":"2022-06-15T13:58:09","slug":"barazza-italie","status":"publish","type":"page","link":"https:\/\/barazza.comunicazione21.com\/fr\/contacts-barazza\/barazza-italie\/","title":{"rendered":"Localisation"},"content":{"rendered":"<p><span lang=\"fr-FR\">L&rsquo;entreprise <strong>Barazza, n\u00e9e en 1968 \u00e0 Santa Lucia di Piave Treviso dans le district de la Inox Valley<\/strong>, comprend la production, les bureaux, le laboratoire de recherche et d\u00e9veloppement, l&rsquo;ample showroom et la zone d\u00e9di\u00e9e \u00e0 la cuisine active pour des \u00e9v\u00e9nements de show cooking.<\/span><\/p>\n<p><strong>Barazza s.r.l.<\/strong><br \/>\nvia Risorgimento, 14 31025<br \/>\nSarano di S.Lucia di Piave (TV) &#8211; Italy<\/p>\n<p style=\"display: none;\">T\u00e9l: <strong><a href=\"tel:0039043862888\">+39 0438 62888<\/a><\/strong><\/p>\n<p>phone: <strong>+39 0438 62888<\/strong><br \/>\nfax: <strong>+39 0438 64901<\/strong><\/p>\n<p>email: <strong><a href=\"mailto:info@barazza.comunicazione21.com\">info@barazza.comunicazione21.com<\/a><\/strong><\/p>\n","protected":false},"excerpt":{"rendered":"<p>L&rsquo;entreprise Barazza, n\u00e9e en 1968 \u00e0 Santa Lucia di Piave Treviso dans le district de la Inox Valley, comprend la&#8230;<\/p>\n","protected":false},"author":1,"featured_media":69850,"parent":6617,"menu_order":286,"comment_status":"closed","ping_status":"closed","template":"page-localizzazione.php","meta":[],"acf":[],"_links":{"self":[{"href":"https:\/\/barazza.comunicazione21.com\/fr\/wp-json\/wp\/v2\/pages\/6599"}],"collection":[{"href":"https:\/\/barazza.comunicazione21.com\/fr\/wp-json\/wp\/v2\/pages"}],"about":[{"href":"https:\/\/barazza.comunicazione21.com\/fr\/wp-json\/wp\/v2\/types\/page"}],"author":[{"embeddable":true,"href":"https:\/\/barazza.comunicazione21.com\/fr\/wp-json\/wp\/v2\/users\/1"}],"replies":[{"embeddable":true,"href":"https:\/\/barazza.comunicazione21.com\/fr\/wp-json\/wp\/v2\/comments?post=6599"}],"version-history":[{"count":0,"href":"https:\/\/barazza.comunicazione21.com\/fr\/wp-json\/wp\/v2\/pages\/6599\/revisions"}],"up":[{"embeddable":true,"href":"https:\/\/barazza.comunicazione21.com\/fr\/wp-json\/wp\/v2\/pages\/6617"}],"wp:featuredmedia":[{"embeddable":true,"href":"https:\/\/barazza.comunicazione21.com\/fr\/wp-json\/wp\/v2\/media\/69850"}],"wp:attachment":[{"href":"https:\/\/barazza.comunicazione21.com\/fr\/wp-json\/wp\/v2\/media?parent=6599"}],"curies":[{"name":"wp","href":"https:\/\/api.w.org\/{rel}","templated":true}]}}