	{"id":6595,"date":"2014-05-22T18:01:50","date_gmt":"2014-05-22T16:01:50","guid":{"rendered":"https:\/\/barazza.comunicazione21.com\/cucine-moderne\/"},"modified":"2019-04-03T09:29:53","modified_gmt":"2019-04-03T07:29:53","slug":"cuisine-moderne","status":"publish","type":"page","link":"https:\/\/barazza.comunicazione21.com\/fr\/produits\/cuisine-moderne\/","title":{"rendered":"Gamme de produits"},"content":{"rendered":"<p><strong>Cuisines modernes et contemporaines, petites ou grandes, avec \u00eelot, plan snack, lin\u00e9aires ou d&rsquo;angle<\/strong>: les \u00e9lectrom\u00e9nagers Barazza ont la particularit\u00e9 de pouvoir \u00eatre compl\u00e8tement associ\u00e9s entre eux, afin de respecter le concept cl\u00e9 de la marque : cr\u00e9er <strong>un espace cuisine coordonn\u00e9.<\/strong> La <strong>gamme de produits Barazza<\/strong> comprend des fours, des tables de cuisson, des \u00e9viers, des robinets, des hottes et des accessoires avec pour but de satisfaire les consommateurs exigeants et d\u00e9sireux d&rsquo;exprimer leur propre cr\u00e9ativit\u00e9 en cuisine.<\/p>\n","protected":false},"excerpt":{"rendered":"<p>Cuisines modernes et contemporaines, petites ou grandes, avec \u00eelot, plan snack, lin\u00e9aires ou d&rsquo;angle: les \u00e9lectrom\u00e9nagers Barazza ont la particularit\u00e9&#8230;<\/p>\n","protected":false},"author":1,"featured_media":0,"parent":6609,"menu_order":174,"comment_status":"closed","ping_status":"closed","template":"page-gamma.php","meta":[],"acf":[],"_links":{"self":[{"href":"https:\/\/barazza.comunicazione21.com\/fr\/wp-json\/wp\/v2\/pages\/6595"}],"collection":[{"href":"https:\/\/barazza.comunicazione21.com\/fr\/wp-json\/wp\/v2\/pages"}],"about":[{"href":"https:\/\/barazza.comunicazione21.com\/fr\/wp-json\/wp\/v2\/types\/page"}],"author":[{"embeddable":true,"href":"https:\/\/barazza.comunicazione21.com\/fr\/wp-json\/wp\/v2\/users\/1"}],"replies":[{"embeddable":true,"href":"https:\/\/barazza.comunicazione21.com\/fr\/wp-json\/wp\/v2\/comments?post=6595"}],"version-history":[{"count":0,"href":"https:\/\/barazza.comunicazione21.com\/fr\/wp-json\/wp\/v2\/pages\/6595\/revisions"}],"up":[{"embeddable":true,"href":"https:\/\/barazza.comunicazione21.com\/fr\/wp-json\/wp\/v2\/pages\/6609"}],"wp:attachment":[{"href":"https:\/\/barazza.comunicazione21.com\/fr\/wp-json\/wp\/v2\/media?parent=6595"}],"curies":[{"name":"wp","href":"https:\/\/api.w.org\/{rel}","templated":true}]}}