	{"id":6593,"date":"2014-05-22T18:06:57","date_gmt":"2014-05-22T16:06:57","guid":{"rendered":"https:\/\/barazza.comunicazione21.com\/cucine-in-acciaio\/"},"modified":"2022-06-15T14:59:14","modified_gmt":"2022-06-15T12:59:14","slug":"cuisines-en-acier","status":"publish","type":"page","link":"https:\/\/barazza.comunicazione21.com\/fr\/barazza-company\/cuisines-en-acier\/","title":{"rendered":"Acier Inox"},"content":{"rendered":"<p>Une mati\u00e8re, d&rsquo;infinies interpr\u00e9tations.<\/p>\n<p><span lang=\"fr-FR\">Acier inox est le nom qui d\u00e9finit tous les aciers avec un taux de chrome et de nickel \u00e9lev\u00e9, gr\u00e2ce auxquels ils r\u00e9sistent \u00e0 la corrosion et font preuve d&rsquo;une r\u00e9sistance exceptionnelle.<\/span><\/p>\n<p><span lang=\"fr-FR\">Les \u00e9lectrom\u00e9nagers Barazza en acier inox AISI 304 et 316 associent \u00e0 l&rsquo;efficacit\u00e9 et \u00e0 la r\u00e9sistance l&rsquo;essentiel et l&rsquo;\u00e9l\u00e9gance d&rsquo;un mat\u00e9riau d&rsquo;un raffinement sans pareil.<\/span><\/p>\n<p><span lang=\"fr-FR\">Un mat\u00e9riau qui repr\u00e9sente de mani\u00e8re exemplaire le concept de d\u00e9veloppement durable car enti\u00e8rement recyclable, sans \u00e9missions toxiques, le parfait t\u00e9moin de l&rsquo;attention et de la qualit\u00e9 Barazza.<\/span><\/p>\n<p align=\"JUSTIFY\"><span lang=\"fr-FR\">L&rsquo;acier, un mat\u00e9riau unique, id\u00e9al pour supporter diff\u00e9rents traitements, qui transforment sa surface lisse et r\u00e9fl\u00e9chissante en une substance in\u00e9dite douce et soyeuse. La proposition pour \u00e9lectrom\u00e9nagers en acier de Barazza comprend 5\u00a0finitions diff\u00e9rentes, toutes d&rsquo;une qualit\u00e9 esth\u00e9tique \u00e9lev\u00e9e\u00a0:<\/span><\/p>\n<ul>\n<li>\n<p align=\"JUSTIFY\"><span lang=\"fr-FR\">celle satin\u00e9e scotch brite, raffin\u00e9e et \u00e9l\u00e9gante;<\/span><\/p>\n<\/li>\n<li>\n<p align=\"JUSTIFY\"><span lang=\"fr-FR\">la finition trama dont les lignes entrelac\u00e9es donnent une nouvelle mat\u00e9rialit\u00e9 aux volumes;<\/span><\/p>\n<\/li>\n<li>\n<p align=\"JUSTIFY\"><span lang=\"fr-FR\">la finition mate au design unique avec effet anti-empreintes;<\/span><\/p>\n<\/li>\n<li>\n<p align=\"JUSTIFY\"><span lang=\"fr-FR\">celle vintage, en accord avec les tendances industrielles, qui donne vie \u00e0 la mati\u00e8re gr\u00e2ce au fa\u00e7onnage manuel de la surface et qui rend chaque pi\u00e8ce unique et in\u00e9galable;<\/span><\/p>\n<\/li>\n<li>\n<p align=\"JUSTIFY\"><span lang=\"fr-FR\">pour finir avec Ice, dont l&rsquo;\u00e9clat impr\u00e9gn\u00e9 \u00e9voque la transparence de la glace.<\/span><\/p>\n<\/li>\n<\/ul>\n","protected":false},"excerpt":{"rendered":"<p>Une mati\u00e8re, d&rsquo;infinies interpr\u00e9tations. Acier inox est le nom qui d\u00e9finit tous les aciers avec un taux de chrome et&#8230;<\/p>\n","protected":false},"author":1,"featured_media":81869,"parent":6619,"menu_order":208,"comment_status":"closed","ping_status":"closed","template":"page-acciaio.php","meta":[],"acf":[],"_links":{"self":[{"href":"https:\/\/barazza.comunicazione21.com\/fr\/wp-json\/wp\/v2\/pages\/6593"}],"collection":[{"href":"https:\/\/barazza.comunicazione21.com\/fr\/wp-json\/wp\/v2\/pages"}],"about":[{"href":"https:\/\/barazza.comunicazione21.com\/fr\/wp-json\/wp\/v2\/types\/page"}],"author":[{"embeddable":true,"href":"https:\/\/barazza.comunicazione21.com\/fr\/wp-json\/wp\/v2\/users\/1"}],"replies":[{"embeddable":true,"href":"https:\/\/barazza.comunicazione21.com\/fr\/wp-json\/wp\/v2\/comments?post=6593"}],"version-history":[{"count":0,"href":"https:\/\/barazza.comunicazione21.com\/fr\/wp-json\/wp\/v2\/pages\/6593\/revisions"}],"up":[{"embeddable":true,"href":"https:\/\/barazza.comunicazione21.com\/fr\/wp-json\/wp\/v2\/pages\/6619"}],"wp:featuredmedia":[{"embeddable":true,"href":"https:\/\/barazza.comunicazione21.com\/fr\/wp-json\/wp\/v2\/media\/81869"}],"wp:attachment":[{"href":"https:\/\/barazza.comunicazione21.com\/fr\/wp-json\/wp\/v2\/media?parent=6593"}],"curies":[{"name":"wp","href":"https:\/\/api.w.org\/{rel}","templated":true}]}}