	{"id":6592,"date":"2014-05-22T18:06:02","date_gmt":"2014-05-22T16:06:02","guid":{"rendered":"https:\/\/barazza.comunicazione21.com\/arredamento-moderno\/"},"modified":"2022-06-15T14:51:00","modified_gmt":"2022-06-15T12:51:00","slug":"mobilier-moderne","status":"publish","type":"page","link":"https:\/\/barazza.comunicazione21.com\/fr\/barazza-company\/mobilier-moderne\/","title":{"rendered":"Technologie"},"content":{"rendered":"<p>L\u2019innovation \u00e0 la base de chaque id\u00e9e.<\/p>\n<p><span lang=\"fr-FR\">Les collections Barazza naissent d&rsquo;un travail scrupuleux de recherche et d\u00e9veloppement qui trouve son quartier g\u00e9n\u00e9ral dans le laboratoire interne de l&rsquo;entreprise, le c\u0153ur de toute l&rsquo;innovation technologique et de la renomm\u00e9e cr\u00e9ativit\u00e9 Barazza.<\/span><\/p>\n<p><span lang=\"fr-FR\">Ici naissent les id\u00e9es et les projets les plus ambitieux d&rsquo;<strong>am\u00e9nagement moderne pour cuisines<\/strong>, support\u00e9s par des syst\u00e8mes technologiques \u00e0 l&rsquo;avant-garde, d\u00e9terminants pour le r\u00e9sultat que l&rsquo;on souhaite obtenir\u00a0: la cr\u00e9ation de produits ergonomiques, aux standards qualitatifs \u00e9lev\u00e9s et aux prestations \u00e9lev\u00e9es. Toujours \u00e0 la hauteur des ambitions et bien au-del\u00e0 des attentes du client.<\/span><\/p>\n","protected":false},"excerpt":{"rendered":"<p>L\u2019innovation \u00e0 la base de chaque id\u00e9e. Les collections Barazza naissent d&rsquo;un travail scrupuleux de recherche et d\u00e9veloppement qui trouve&#8230;<\/p>\n","protected":false},"author":1,"featured_media":82116,"parent":6619,"menu_order":202,"comment_status":"closed","ping_status":"closed","template":"page-tecnologia.php","meta":[],"acf":[],"_links":{"self":[{"href":"https:\/\/barazza.comunicazione21.com\/fr\/wp-json\/wp\/v2\/pages\/6592"}],"collection":[{"href":"https:\/\/barazza.comunicazione21.com\/fr\/wp-json\/wp\/v2\/pages"}],"about":[{"href":"https:\/\/barazza.comunicazione21.com\/fr\/wp-json\/wp\/v2\/types\/page"}],"author":[{"embeddable":true,"href":"https:\/\/barazza.comunicazione21.com\/fr\/wp-json\/wp\/v2\/users\/1"}],"replies":[{"embeddable":true,"href":"https:\/\/barazza.comunicazione21.com\/fr\/wp-json\/wp\/v2\/comments?post=6592"}],"version-history":[{"count":0,"href":"https:\/\/barazza.comunicazione21.com\/fr\/wp-json\/wp\/v2\/pages\/6592\/revisions"}],"up":[{"embeddable":true,"href":"https:\/\/barazza.comunicazione21.com\/fr\/wp-json\/wp\/v2\/pages\/6619"}],"wp:featuredmedia":[{"embeddable":true,"href":"https:\/\/barazza.comunicazione21.com\/fr\/wp-json\/wp\/v2\/media\/82116"}],"wp:attachment":[{"href":"https:\/\/barazza.comunicazione21.com\/fr\/wp-json\/wp\/v2\/media?parent=6592"}],"curies":[{"name":"wp","href":"https:\/\/api.w.org\/{rel}","templated":true}]}}