	{"id":6591,"date":"2014-05-22T18:05:22","date_gmt":"2014-05-22T16:05:22","guid":{"rendered":"https:\/\/barazza.comunicazione21.com\/cucine-design\/"},"modified":"2022-06-15T14:41:43","modified_gmt":"2022-06-15T12:41:43","slug":"cuisines-design","status":"publish","type":"page","link":"https:\/\/barazza.comunicazione21.com\/fr\/barazza-company\/cuisines-design\/","title":{"rendered":"Design"},"content":{"rendered":"<p>La cr\u00e9ativit\u00e9 comme source d&rsquo;inspiration.<\/p>\n<p><span lang=\"fr-FR\">50 ans d&rsquo;exp\u00e9rience offrent \u00e0 Barazza l&rsquo;ambition et l&rsquo;envie d&rsquo;exp\u00e9rimenter de nouvelles formes, mettre en place des technologies, conjuguer l&rsquo;innovation et le design italien avec la capacit\u00e9 de fournir des solutions en mesure d&rsquo;anticiper les demandes d&rsquo;un public de plus en plus \u00e9volu\u00e9.<\/span><\/p>\n<p><span lang=\"fr-FR\">Il en d\u00e9coule des produits exclusifs pour <strong>des cuisines de design<\/strong>, esth\u00e9tiquement assortis entre eux, qui interpr\u00e8tent les tendances du moment avec le savoir faire de l&rsquo;art manufacturier italien. Une capacit\u00e9 support\u00e9e par notre d\u00e9sir d&rsquo;offrir aux clients des produits qui vont bien au-del\u00e0 de leurs attentes et qui se d\u00e9clinent dans la capacit\u00e9 de satisfaire aussi les exigences dimensionnelles et de composition les plus particuli\u00e8res avec des solutions \u00ab sur mesure \u00bb exclusives.<\/span><\/p>\n","protected":false},"excerpt":{"rendered":"<p>La cr\u00e9ativit\u00e9 comme source d&rsquo;inspiration. 50 ans d&rsquo;exp\u00e9rience offrent \u00e0 Barazza l&rsquo;ambition et l&rsquo;envie d&rsquo;exp\u00e9rimenter de nouvelles formes, mettre en&#8230;<\/p>\n","protected":false},"author":1,"featured_media":82100,"parent":6619,"menu_order":191,"comment_status":"closed","ping_status":"closed","template":"page-design.php","meta":[],"acf":[],"_links":{"self":[{"href":"https:\/\/barazza.comunicazione21.com\/fr\/wp-json\/wp\/v2\/pages\/6591"}],"collection":[{"href":"https:\/\/barazza.comunicazione21.com\/fr\/wp-json\/wp\/v2\/pages"}],"about":[{"href":"https:\/\/barazza.comunicazione21.com\/fr\/wp-json\/wp\/v2\/types\/page"}],"author":[{"embeddable":true,"href":"https:\/\/barazza.comunicazione21.com\/fr\/wp-json\/wp\/v2\/users\/1"}],"replies":[{"embeddable":true,"href":"https:\/\/barazza.comunicazione21.com\/fr\/wp-json\/wp\/v2\/comments?post=6591"}],"version-history":[{"count":0,"href":"https:\/\/barazza.comunicazione21.com\/fr\/wp-json\/wp\/v2\/pages\/6591\/revisions"}],"up":[{"embeddable":true,"href":"https:\/\/barazza.comunicazione21.com\/fr\/wp-json\/wp\/v2\/pages\/6619"}],"wp:featuredmedia":[{"embeddable":true,"href":"https:\/\/barazza.comunicazione21.com\/fr\/wp-json\/wp\/v2\/media\/82100"}],"wp:attachment":[{"href":"https:\/\/barazza.comunicazione21.com\/fr\/wp-json\/wp\/v2\/media?parent=6591"}],"curies":[{"name":"wp","href":"https:\/\/api.w.org\/{rel}","templated":true}]}}