	{"id":6590,"date":"2014-05-22T18:04:34","date_gmt":"2014-05-22T16:04:34","guid":{"rendered":"https:\/\/barazza.comunicazione21.com\/elettrodomestici\/"},"modified":"2023-09-22T14:46:47","modified_gmt":"2023-09-22T12:46:47","slug":"appareils","status":"publish","type":"page","link":"https:\/\/barazza.comunicazione21.com\/fr\/barazza-company\/appareils\/","title":{"rendered":"Histoire"},"content":{"rendered":"<p>Une histoire qui parle de futur, depuis 50 ans.<\/p>\n<p>Barazza est non seulement une marque, mais aussi un groupe de personnes unies par une grande passion qui les conduit chaque jour \u00e0 produire une qualit\u00e9 qui, de plus en plus souvent, se traduit dans le savoir r\u00e9aliser <strong>des \u00e9lectrom\u00e9nagers et des \u00e9viers pour cuisine<\/strong> aux prestations \u00e9lev\u00e9es et au design avanc\u00e9, con\u00e7us et r\u00e9alis\u00e9s \u00e0 l&rsquo;int\u00e9rieur des \u00e9tablissements, en utilisant des comp\u00e9tences artisanales soign\u00e9es et d&rsquo;innovantes potentialit\u00e9s technologiques.<\/p>\n<p>L&rsquo;aventure de Barazza a commenc\u00e9 en 1968 \u00e0 Santa Lucia di Piave, dans la zone de la Inox Valley, une r\u00e9alit\u00e9 pr\u00e9sente et active comprenant la production, les bureaux, la laboratoire de recherche et d\u00e9veloppement, l&rsquo;ample showroom et la zone d\u00e9di\u00e9e aux \u00e9v\u00e8nements de show cooking.<\/p>\n","protected":false},"excerpt":{"rendered":"<p>Une histoire qui parle de futur, depuis 50 ans. Barazza est non seulement une marque, mais aussi un groupe de&#8230;<\/p>\n","protected":false},"author":1,"featured_media":36027,"parent":6619,"menu_order":180,"comment_status":"closed","ping_status":"closed","template":"page-storia.php","meta":[],"acf":[],"_links":{"self":[{"href":"https:\/\/barazza.comunicazione21.com\/fr\/wp-json\/wp\/v2\/pages\/6590"}],"collection":[{"href":"https:\/\/barazza.comunicazione21.com\/fr\/wp-json\/wp\/v2\/pages"}],"about":[{"href":"https:\/\/barazza.comunicazione21.com\/fr\/wp-json\/wp\/v2\/types\/page"}],"author":[{"embeddable":true,"href":"https:\/\/barazza.comunicazione21.com\/fr\/wp-json\/wp\/v2\/users\/1"}],"replies":[{"embeddable":true,"href":"https:\/\/barazza.comunicazione21.com\/fr\/wp-json\/wp\/v2\/comments?post=6590"}],"version-history":[{"count":1,"href":"https:\/\/barazza.comunicazione21.com\/fr\/wp-json\/wp\/v2\/pages\/6590\/revisions"}],"predecessor-version":[{"id":83424,"href":"https:\/\/barazza.comunicazione21.com\/fr\/wp-json\/wp\/v2\/pages\/6590\/revisions\/83424"}],"up":[{"embeddable":true,"href":"https:\/\/barazza.comunicazione21.com\/fr\/wp-json\/wp\/v2\/pages\/6619"}],"wp:featuredmedia":[{"embeddable":true,"href":"https:\/\/barazza.comunicazione21.com\/fr\/wp-json\/wp\/v2\/media\/36027"}],"wp:attachment":[{"href":"https:\/\/barazza.comunicazione21.com\/fr\/wp-json\/wp\/v2\/media?parent=6590"}],"curies":[{"name":"wp","href":"https:\/\/api.w.org\/{rel}","templated":true}]}}