	{"id":15302,"date":"2021-03-25T12:03:16","date_gmt":"2021-03-25T11:03:16","guid":{"rendered":"https:\/\/barazza.comunicazione21.com\/shop-online\/"},"modified":"2021-05-20T09:57:31","modified_gmt":"2021-05-20T07:57:31","slug":"shop-online","status":"publish","type":"page","link":"https:\/\/barazza.comunicazione21.com\/fr\/contacts-barazza\/shop-online\/","title":{"rendered":"Shop Online"},"content":{"rendered":"<p>D\u00e9couvrez la nouvelle boutique en ligne Barazza o\u00f9 vous pouvez acheter des produits de nettoyage sp\u00e9cifiques et une large gamme d&rsquo;accessoires pour \u00e9viers, baignoires, plaques de cuisson, fours et hottes ainsi qu&rsquo;une gamme compl\u00e8te de supports de prises \u00e9lectriques et d&rsquo;accessoires pour canaux \u00e9quip\u00e9s.<\/p>\n","protected":false},"excerpt":{"rendered":"<p>D\u00e9couvrez la nouvelle boutique en ligne Barazza o\u00f9 vous pouvez acheter des produits de nettoyage sp\u00e9cifiques et une large gamme&#8230;<\/p>\n","protected":false},"author":1,"featured_media":69948,"parent":6617,"menu_order":20,"comment_status":"closed","ping_status":"closed","template":"page-shop.php","meta":[],"acf":[],"_links":{"self":[{"href":"https:\/\/barazza.comunicazione21.com\/fr\/wp-json\/wp\/v2\/pages\/15302"}],"collection":[{"href":"https:\/\/barazza.comunicazione21.com\/fr\/wp-json\/wp\/v2\/pages"}],"about":[{"href":"https:\/\/barazza.comunicazione21.com\/fr\/wp-json\/wp\/v2\/types\/page"}],"author":[{"embeddable":true,"href":"https:\/\/barazza.comunicazione21.com\/fr\/wp-json\/wp\/v2\/users\/1"}],"replies":[{"embeddable":true,"href":"https:\/\/barazza.comunicazione21.com\/fr\/wp-json\/wp\/v2\/comments?post=15302"}],"version-history":[{"count":0,"href":"https:\/\/barazza.comunicazione21.com\/fr\/wp-json\/wp\/v2\/pages\/15302\/revisions"}],"up":[{"embeddable":true,"href":"https:\/\/barazza.comunicazione21.com\/fr\/wp-json\/wp\/v2\/pages\/6617"}],"wp:featuredmedia":[{"embeddable":true,"href":"https:\/\/barazza.comunicazione21.com\/fr\/wp-json\/wp\/v2\/media\/69948"}],"wp:attachment":[{"href":"https:\/\/barazza.comunicazione21.com\/fr\/wp-json\/wp\/v2\/media?parent=15302"}],"curies":[{"name":"wp","href":"https:\/\/api.w.org\/{rel}","templated":true}]}}