	{"id":14796,"date":"2020-10-14T12:18:49","date_gmt":"2020-10-14T10:18:49","guid":{"rendered":"https:\/\/barazza.comunicazione21.com\/?page_id=14796"},"modified":"2022-08-02T16:47:55","modified_gmt":"2022-08-02T14:47:55","slug":"nettoyage-de-b_granite","status":"publish","type":"page","link":"https:\/\/barazza.comunicazione21.com\/fr\/service-client\/nettoyage-de-b_granite\/","title":{"rendered":"Nettoyage B_Granite"},"content":{"rendered":"<p><span style=\"font-weight: 400;\">Le <strong>B_GRANITE<\/strong> est un mat\u00e9riau composite obtenu \u00e0 partir de l&rsquo;union de granit et de r\u00e9sines acryliques\u00a0; combinant les caract\u00e9ristiques de la pierre naturelle avec la protection offerte par les polym\u00e8res, il est capable de garantir une excellente r\u00e9sistance aux temp\u00e9ratures \u00e9lev\u00e9es et aux chocs, tout en pr\u00e9servant l&rsquo;aspect original de la pierre. Pour un entretien optimal, Barazza recommande\u00a0:<\/span><\/p>\n<ul>\n<li style=\"font-weight: 400;\" aria-level=\"2\"><span style=\"font-weight: 400;\">bien rincer \u00e0 l&rsquo;eau apr\u00e8s l&rsquo;usage et d&rsquo;essuyer avec un chiffon propre ou une peau de daim.<\/span><\/li>\n<li style=\"font-weight: 400;\" aria-level=\"2\"><span style=\"font-weight: 400;\">Pour les taches tenaces sur les produits de couleur claire, vous pouvez utiliser une solution d&rsquo;eau de Javel et d&rsquo;eau ti\u00e8de, en la laissant agir pendant huit\u00a0heures. Ensuite, rincez abondamment et s\u00e9chez soigneusement.<\/span><\/li>\n<li style=\"font-weight: 400;\" aria-level=\"2\"><span style=\"font-weight: 400;\">Pour les taches tenaces sur les produits de couleur fonc\u00e9e, vous pouvez les \u00e9liminer directement avec une \u00e9ponge douce et un d\u00e9tergent \u00e0 vaisselle standard. Une fois termin\u00e9, rincez abondamment et s\u00e9chez soigneusement.<\/span><\/li>\n<li style=\"font-weight: 400;\" aria-level=\"2\"><span style=\"font-weight: 400;\">Pour \u00e9liminer les taches de calcaire, nous recommandons l&rsquo;utilisation d&rsquo;un produit d\u00e9tartrant dilu\u00e9 avec de l&rsquo;eau ti\u00e8de ou du vinaigre blanc chaud.<\/span><\/li>\n<li style=\"font-weight: 400;\" aria-level=\"2\"><span style=\"font-weight: 400;\">Le d\u00e9tergent Multi Clean et le chiffon en microfibre antibact\u00e9rien Easy Clean de Barazza, \u00e0 l&rsquo;effet d\u00e9graissant et absorbant, peuvent \u00eatre utilis\u00e9s quotidiennement.<\/span><\/li>\n<\/ul>\n","protected":false},"excerpt":{"rendered":"<p>Le B_GRANITE est un mat\u00e9riau composite obtenu \u00e0 partir de l&rsquo;union de granit et de r\u00e9sines acryliques\u00a0; combinant les caract\u00e9ristiques&#8230;<\/p>\n","protected":false},"author":1,"featured_media":69840,"parent":6602,"menu_order":256,"comment_status":"closed","ping_status":"closed","template":"page-pulizia-bgranite.php","meta":[],"acf":[],"_links":{"self":[{"href":"https:\/\/barazza.comunicazione21.com\/fr\/wp-json\/wp\/v2\/pages\/14796"}],"collection":[{"href":"https:\/\/barazza.comunicazione21.com\/fr\/wp-json\/wp\/v2\/pages"}],"about":[{"href":"https:\/\/barazza.comunicazione21.com\/fr\/wp-json\/wp\/v2\/types\/page"}],"author":[{"embeddable":true,"href":"https:\/\/barazza.comunicazione21.com\/fr\/wp-json\/wp\/v2\/users\/1"}],"replies":[{"embeddable":true,"href":"https:\/\/barazza.comunicazione21.com\/fr\/wp-json\/wp\/v2\/comments?post=14796"}],"version-history":[{"count":0,"href":"https:\/\/barazza.comunicazione21.com\/fr\/wp-json\/wp\/v2\/pages\/14796\/revisions"}],"up":[{"embeddable":true,"href":"https:\/\/barazza.comunicazione21.com\/fr\/wp-json\/wp\/v2\/pages\/6602"}],"wp:featuredmedia":[{"embeddable":true,"href":"https:\/\/barazza.comunicazione21.com\/fr\/wp-json\/wp\/v2\/media\/69840"}],"wp:attachment":[{"href":"https:\/\/barazza.comunicazione21.com\/fr\/wp-json\/wp\/v2\/media?parent=14796"}],"curies":[{"name":"wp","href":"https:\/\/api.w.org\/{rel}","templated":true}]}}