	{"id":12651,"date":"2019-11-29T18:22:27","date_gmt":"2019-11-29T17:22:27","guid":{"rendered":"https:\/\/barazza.comunicazione21.com\/produits\/cuisines-sur-mesure\/mood-flexi\/"},"modified":"2022-06-15T14:06:07","modified_gmt":"2022-06-15T12:06:07","slug":"mood-flexi","status":"publish","type":"page","link":"https:\/\/barazza.comunicazione21.com\/fr\/produits\/cuisines-sur-mesure\/mood-flexi\/","title":{"rendered":"Mood Flexi"},"content":{"rendered":"<p><span lang=\"fr-FR\">Mood Flexi est pure fonctionnalit\u00e9 qui devient un choix de style, un nouveau concept pour exprimer libert\u00e9 \u00e0 travers sa propre vision de l&rsquo;espace. Le plan en acier comme une carte blanche sur laquelle positionner les br\u00fbleurs Mood Flexi. <\/span><\/p>\n<p><span lang=\"fr-FR\">Trois configurations dont disposer \u00e0 son propre gr\u00e9 pour donner naissance \u00e0 des combinaisons hautement personnalis\u00e9es. Le feu mais aussi l&rsquo;eau\u00a0: de nouveaux espaces s&rsquo;ouvrent aux gestes quotidiens gr\u00e2ce \u00e0 la possibilit\u00e9 de jouir d&rsquo;une zone de lavage \u00e0 la profondeur major\u00e9e.<\/span><\/p>\n","protected":false},"excerpt":{"rendered":"<p>Mood Flexi est pure fonctionnalit\u00e9 qui devient un choix de style, un nouveau concept pour exprimer libert\u00e9 \u00e0 travers sa&#8230;<\/p>\n","protected":false},"author":1,"featured_media":69890,"parent":6615,"menu_order":30,"comment_status":"closed","ping_status":"closed","template":"page-mood-flexi.php","meta":[],"acf":[],"_links":{"self":[{"href":"https:\/\/barazza.comunicazione21.com\/fr\/wp-json\/wp\/v2\/pages\/12651"}],"collection":[{"href":"https:\/\/barazza.comunicazione21.com\/fr\/wp-json\/wp\/v2\/pages"}],"about":[{"href":"https:\/\/barazza.comunicazione21.com\/fr\/wp-json\/wp\/v2\/types\/page"}],"author":[{"embeddable":true,"href":"https:\/\/barazza.comunicazione21.com\/fr\/wp-json\/wp\/v2\/users\/1"}],"replies":[{"embeddable":true,"href":"https:\/\/barazza.comunicazione21.com\/fr\/wp-json\/wp\/v2\/comments?post=12651"}],"version-history":[{"count":0,"href":"https:\/\/barazza.comunicazione21.com\/fr\/wp-json\/wp\/v2\/pages\/12651\/revisions"}],"up":[{"embeddable":true,"href":"https:\/\/barazza.comunicazione21.com\/fr\/wp-json\/wp\/v2\/pages\/6615"}],"wp:featuredmedia":[{"embeddable":true,"href":"https:\/\/barazza.comunicazione21.com\/fr\/wp-json\/wp\/v2\/media\/69890"}],"wp:attachment":[{"href":"https:\/\/barazza.comunicazione21.com\/fr\/wp-json\/wp\/v2\/media?parent=12651"}],"curies":[{"name":"wp","href":"https:\/\/api.w.org\/{rel}","templated":true}]}}