	{"id":10585,"date":"2019-01-28T13:53:39","date_gmt":"2019-01-28T12:53:39","guid":{"rendered":"https:\/\/barazza.comunicazione21.com\/produits\/cucine-componibili\/cappa-fusion\/"},"modified":"2023-03-31T10:42:54","modified_gmt":"2023-03-31T08:42:54","slug":"hotte-sur-mesure","status":"publish","type":"page","link":"https:\/\/barazza.comunicazione21.com\/fr\/produits\/cuisines-modulaires\/hotte-sur-mesure\/","title":{"rendered":"Hotte Fusion"},"content":{"rendered":"<p>Une hotte au centre de chaque chose. La puissance du moteur associ\u00e9e \u00e0 son <strong>niveau de bruit tr\u00e8s bas<\/strong> lui permet de maintenir un espace ambiant toujours agr\u00e9able \u00e0 vivre.<\/p>\n<p>La Hotte Fusion, disponible dans la version \u00eelot , peut \u00eatre <strong>personnalis\u00e9e dans les dimensions avec l&rsquo;\u00e9tag\u00e8re<\/strong> qui peut atteindre 240 cm et est r\u00e9alis\u00e9e en acier inox dans les finitions satin\u00e9e ou vintage.<\/p>\n","protected":false},"excerpt":{"rendered":"<p>Une hotte au centre de chaque chose. La puissance du moteur associ\u00e9e \u00e0 son niveau de bruit tr\u00e8s bas lui&#8230;<\/p>\n","protected":false},"author":1,"featured_media":38771,"parent":6608,"menu_order":144,"comment_status":"closed","ping_status":"closed","template":"page-fusion-cappa.php","meta":[],"acf":[],"_links":{"self":[{"href":"https:\/\/barazza.comunicazione21.com\/fr\/wp-json\/wp\/v2\/pages\/10585"}],"collection":[{"href":"https:\/\/barazza.comunicazione21.com\/fr\/wp-json\/wp\/v2\/pages"}],"about":[{"href":"https:\/\/barazza.comunicazione21.com\/fr\/wp-json\/wp\/v2\/types\/page"}],"author":[{"embeddable":true,"href":"https:\/\/barazza.comunicazione21.com\/fr\/wp-json\/wp\/v2\/users\/1"}],"replies":[{"embeddable":true,"href":"https:\/\/barazza.comunicazione21.com\/fr\/wp-json\/wp\/v2\/comments?post=10585"}],"version-history":[{"count":1,"href":"https:\/\/barazza.comunicazione21.com\/fr\/wp-json\/wp\/v2\/pages\/10585\/revisions"}],"predecessor-version":[{"id":82796,"href":"https:\/\/barazza.comunicazione21.com\/fr\/wp-json\/wp\/v2\/pages\/10585\/revisions\/82796"}],"up":[{"embeddable":true,"href":"https:\/\/barazza.comunicazione21.com\/fr\/wp-json\/wp\/v2\/pages\/6608"}],"wp:featuredmedia":[{"embeddable":true,"href":"https:\/\/barazza.comunicazione21.com\/fr\/wp-json\/wp\/v2\/media\/38771"}],"wp:attachment":[{"href":"https:\/\/barazza.comunicazione21.com\/fr\/wp-json\/wp\/v2\/media?parent=10585"}],"curies":[{"name":"wp","href":"https:\/\/api.w.org\/{rel}","templated":true}]}}