	{"id":84017,"date":"2024-06-19T15:28:00","date_gmt":"2024-06-19T13:28:00","guid":{"rendered":"https:\/\/barazza.comunicazione21.com\/servicio-de-asistencia-y-garantia\/"},"modified":"2024-06-27T16:41:41","modified_gmt":"2024-06-27T14:41:41","slug":"servicio-de-asistencia-y-garantia","status":"publish","type":"page","link":"https:\/\/barazza.comunicazione21.com\/es\/servicio-de-asistencia-y-garantia\/","title":{"rendered":"Servicio de asistencia y Garant\u00eda"},"content":{"rendered":"<p>En esta secci\u00f3n puede descargar los documentos relacionados con la garant\u00eda de los productos comprados<\/p>\n","protected":false},"excerpt":{"rendered":"<p>En esta secci\u00f3n puede descargar los documentos relacionados con la garant\u00eda de los productos comprados<\/p>\n","protected":false},"author":8,"featured_media":69923,"parent":0,"menu_order":5,"comment_status":"closed","ping_status":"closed","template":"page-assistenza-garanzia.php","meta":[],"acf":[],"_links":{"self":[{"href":"https:\/\/barazza.comunicazione21.com\/es\/wp-json\/wp\/v2\/pages\/84017"}],"collection":[{"href":"https:\/\/barazza.comunicazione21.com\/es\/wp-json\/wp\/v2\/pages"}],"about":[{"href":"https:\/\/barazza.comunicazione21.com\/es\/wp-json\/wp\/v2\/types\/page"}],"author":[{"embeddable":true,"href":"https:\/\/barazza.comunicazione21.com\/es\/wp-json\/wp\/v2\/users\/8"}],"replies":[{"embeddable":true,"href":"https:\/\/barazza.comunicazione21.com\/es\/wp-json\/wp\/v2\/comments?post=84017"}],"version-history":[{"count":4,"href":"https:\/\/barazza.comunicazione21.com\/es\/wp-json\/wp\/v2\/pages\/84017\/revisions"}],"predecessor-version":[{"id":84059,"href":"https:\/\/barazza.comunicazione21.com\/es\/wp-json\/wp\/v2\/pages\/84017\/revisions\/84059"}],"wp:featuredmedia":[{"embeddable":true,"href":"https:\/\/barazza.comunicazione21.com\/es\/wp-json\/wp\/v2\/media\/69923"}],"wp:attachment":[{"href":"https:\/\/barazza.comunicazione21.com\/es\/wp-json\/wp\/v2\/media?parent=84017"}],"curies":[{"name":"wp","href":"https:\/\/api.w.org\/{rel}","templated":true}]}}