	{"id":81895,"date":"2022-09-08T10:09:32","date_gmt":"2022-09-08T08:09:32","guid":{"rendered":"https:\/\/barazza.comunicazione21.com\/company\/made-in-italy\/"},"modified":"2022-09-08T11:11:26","modified_gmt":"2022-09-08T09:11:26","slug":"made-in-italy","status":"publish","type":"page","link":"https:\/\/barazza.comunicazione21.com\/es\/company\/made-in-italy\/","title":{"rendered":"Made in Italy"},"content":{"rendered":"<p class=\"p1\"><span class=\"s1\">Las colecciones de Barazza son el fruto de una concienzuda labor de investigaci\u00f3n y desarrollo que tiene su sede en el laboratorio interno de la empresa, el coraz\u00f3n de toda la innovaci\u00f3n tecnol\u00f3gica y de la c\u00e9lebre creatividad de Barazza.<br \/>\nAqu\u00ed cobran vida las ideas y los proyectos m\u00e1s ambiciosos, con la ayuda de sistemas tecnol\u00f3gicos de vanguardia, cruciales para lograr el resultado deseado: la creaci\u00f3n de productos ergon\u00f3micos, con elevados est\u00e1ndares de calidad y altas prestaciones. Siempre a la altura de nuestras aspiraciones y superando ampliamente las expectativas del cliente.<\/span><\/p>\n","protected":false},"excerpt":{"rendered":"<p>Las colecciones de Barazza son el fruto de una concienzuda labor de investigaci\u00f3n y desarrollo que tiene su sede en&#8230;<\/p>\n","protected":false},"author":7,"featured_media":81880,"parent":11098,"menu_order":222,"comment_status":"closed","ping_status":"closed","template":"page-made-italy.php","meta":[],"acf":[],"_links":{"self":[{"href":"https:\/\/barazza.comunicazione21.com\/es\/wp-json\/wp\/v2\/pages\/81895"}],"collection":[{"href":"https:\/\/barazza.comunicazione21.com\/es\/wp-json\/wp\/v2\/pages"}],"about":[{"href":"https:\/\/barazza.comunicazione21.com\/es\/wp-json\/wp\/v2\/types\/page"}],"author":[{"embeddable":true,"href":"https:\/\/barazza.comunicazione21.com\/es\/wp-json\/wp\/v2\/users\/7"}],"replies":[{"embeddable":true,"href":"https:\/\/barazza.comunicazione21.com\/es\/wp-json\/wp\/v2\/comments?post=81895"}],"version-history":[{"count":1,"href":"https:\/\/barazza.comunicazione21.com\/es\/wp-json\/wp\/v2\/pages\/81895\/revisions"}],"predecessor-version":[{"id":81896,"href":"https:\/\/barazza.comunicazione21.com\/es\/wp-json\/wp\/v2\/pages\/81895\/revisions\/81896"}],"up":[{"embeddable":true,"href":"https:\/\/barazza.comunicazione21.com\/es\/wp-json\/wp\/v2\/pages\/11098"}],"wp:featuredmedia":[{"embeddable":true,"href":"https:\/\/barazza.comunicazione21.com\/es\/wp-json\/wp\/v2\/media\/81880"}],"wp:attachment":[{"href":"https:\/\/barazza.comunicazione21.com\/es\/wp-json\/wp\/v2\/media?parent=81895"}],"curies":[{"name":"wp","href":"https:\/\/api.w.org\/{rel}","templated":true}]}}