	{"id":15303,"date":"2021-03-25T12:03:16","date_gmt":"2021-03-25T11:03:16","guid":{"rendered":"https:\/\/barazza.comunicazione21.com\/shop-online\/"},"modified":"2021-05-20T09:56:58","modified_gmt":"2021-05-20T07:56:58","slug":"shop-online","status":"publish","type":"page","link":"https:\/\/barazza.comunicazione21.com\/es\/contactos\/shop-online\/","title":{"rendered":"Shop Online"},"content":{"rendered":"<p>Descubre la nueva tienda online de Barazza donde podr\u00e1s adquirir productos de limpieza espec\u00edficos y una amplia gama de accesorios para fregaderos, fregaderos cuadrados, placas de cocci\u00f3n, hornos y campanas junto a una l\u00ednea completa de porta tomas de corriente y accesorios para canales equipados.<\/p>\n","protected":false},"excerpt":{"rendered":"<p>Descubre la nueva tienda online de Barazza donde podr\u00e1s adquirir productos de limpieza espec\u00edficos y una amplia gama de accesorios&#8230;<\/p>\n","protected":false},"author":1,"featured_media":69951,"parent":11114,"menu_order":19,"comment_status":"closed","ping_status":"closed","template":"page-shop.php","meta":[],"acf":[],"_links":{"self":[{"href":"https:\/\/barazza.comunicazione21.com\/es\/wp-json\/wp\/v2\/pages\/15303"}],"collection":[{"href":"https:\/\/barazza.comunicazione21.com\/es\/wp-json\/wp\/v2\/pages"}],"about":[{"href":"https:\/\/barazza.comunicazione21.com\/es\/wp-json\/wp\/v2\/types\/page"}],"author":[{"embeddable":true,"href":"https:\/\/barazza.comunicazione21.com\/es\/wp-json\/wp\/v2\/users\/1"}],"replies":[{"embeddable":true,"href":"https:\/\/barazza.comunicazione21.com\/es\/wp-json\/wp\/v2\/comments?post=15303"}],"version-history":[{"count":0,"href":"https:\/\/barazza.comunicazione21.com\/es\/wp-json\/wp\/v2\/pages\/15303\/revisions"}],"up":[{"embeddable":true,"href":"https:\/\/barazza.comunicazione21.com\/es\/wp-json\/wp\/v2\/pages\/11114"}],"wp:featuredmedia":[{"embeddable":true,"href":"https:\/\/barazza.comunicazione21.com\/es\/wp-json\/wp\/v2\/media\/69951"}],"wp:attachment":[{"href":"https:\/\/barazza.comunicazione21.com\/es\/wp-json\/wp\/v2\/media?parent=15303"}],"curies":[{"name":"wp","href":"https:\/\/api.w.org\/{rel}","templated":true}]}}