	{"id":14795,"date":"2020-10-14T12:18:49","date_gmt":"2020-10-14T10:18:49","guid":{"rendered":"https:\/\/barazza.comunicazione21.com\/?page_id=14795"},"modified":"2022-08-02T16:37:56","modified_gmt":"2022-08-02T14:37:56","slug":"limpieza-de-b_granite","status":"publish","type":"page","link":"https:\/\/barazza.comunicazione21.com\/es\/servicio-de-atencion-al-cliente\/limpieza-de-b_granite\/","title":{"rendered":"Como limpiar B_Granite"},"content":{"rendered":"<p><span style=\"font-weight: 400;\">El <strong>B_GRANITE<\/strong> es un material compuesto obtenido de la uni\u00f3n de granito y resinas acr\u00edlicas; al combinar las caracter\u00edsticas de la piedra natural con la protecci\u00f3n que ofrecen los pol\u00edmeros, garantiza una excelente resistencia a las altas temperaturas y a los impactos, preservando al mismo tiempo el aspecto original de la piedra. Para un mantenimiento perfecto, Barazza recomienda:<\/span><\/p>\n<ul>\n<li><span style=\"font-weight: 400;\">Despu\u00e9s del uso, aclarar bien con agua y secar con una bayeta corriente o gamuza limpia.<\/span><\/li>\n<li><span style=\"font-weight: 400;\">Solo para manchas rebeldes en productos de color claro: utilizar una soluci\u00f3n de lej\u00eda y agua tibia y dejar actuar unas horas; luego aclarar bien y secar.<\/span><\/li>\n<li><span style=\"font-weight: 400;\">Solo para manchas rebeldes en productos de color oscuro: utilizar una esponja suave y l\u00edquido lavavajillas; luego aclarar bien y secar.<\/span><\/li>\n<li><span style=\"font-weight: 400;\">Para quitar las manchas de cal, recomendamos utilizar un descalcificador diluido en agua tibia o vinagre blanco tibio.<\/span><\/li>\n<li>El detergente Multi Clean y la bayeta de microfibra antibacterias Easy Clean de Barazza con efecto desengrasante y absorbente se pueden utilizar a diario.<\/li>\n<\/ul>\n","protected":false},"excerpt":{"rendered":"<p>El B_GRANITE es un material compuesto obtenido de la uni\u00f3n de granito y resinas acr\u00edlicas; al combinar las caracter\u00edsticas de&#8230;<\/p>\n","protected":false},"author":1,"featured_media":69843,"parent":11105,"menu_order":255,"comment_status":"closed","ping_status":"closed","template":"page-pulizia-bgranite.php","meta":[],"acf":[],"_links":{"self":[{"href":"https:\/\/barazza.comunicazione21.com\/es\/wp-json\/wp\/v2\/pages\/14795"}],"collection":[{"href":"https:\/\/barazza.comunicazione21.com\/es\/wp-json\/wp\/v2\/pages"}],"about":[{"href":"https:\/\/barazza.comunicazione21.com\/es\/wp-json\/wp\/v2\/types\/page"}],"author":[{"embeddable":true,"href":"https:\/\/barazza.comunicazione21.com\/es\/wp-json\/wp\/v2\/users\/1"}],"replies":[{"embeddable":true,"href":"https:\/\/barazza.comunicazione21.com\/es\/wp-json\/wp\/v2\/comments?post=14795"}],"version-history":[{"count":0,"href":"https:\/\/barazza.comunicazione21.com\/es\/wp-json\/wp\/v2\/pages\/14795\/revisions"}],"up":[{"embeddable":true,"href":"https:\/\/barazza.comunicazione21.com\/es\/wp-json\/wp\/v2\/pages\/11105"}],"wp:featuredmedia":[{"embeddable":true,"href":"https:\/\/barazza.comunicazione21.com\/es\/wp-json\/wp\/v2\/media\/69843"}],"wp:attachment":[{"href":"https:\/\/barazza.comunicazione21.com\/es\/wp-json\/wp\/v2\/media?parent=14795"}],"curies":[{"name":"wp","href":"https:\/\/api.w.org\/{rel}","templated":true}]}}