	{"id":12625,"date":"2019-11-29T18:22:27","date_gmt":"2019-11-29T17:22:27","guid":{"rendered":"https:\/\/barazza.comunicazione21.com\/productos\/hecho-a-medida\/mood-flexi\/"},"modified":"2022-06-15T12:48:06","modified_gmt":"2022-06-15T10:48:06","slug":"mood-flexi","status":"publish","type":"page","link":"https:\/\/barazza.comunicazione21.com\/es\/productos\/hecho-a-medida\/mood-flexi\/","title":{"rendered":"Mood Flexi"},"content":{"rendered":"<p>Mood Flexi es pura funcionalidad hecha elecci\u00f3n de estilo, un nuevo concepto para transmitir libertad a trav\u00e9s de la visi\u00f3n personal del espacio. La placa de acero como lienzo en blanco sobre el que colocar los quemadores Mood Flexi. Tres configuraciones disponibles para dar vida a composiciones sumamente personalizadas con total libertad. El fuego junto al agua: nuevos espacios que se adaptan a los h\u00e1bitos cotidianos gracias a la posibilidad de contar con una zona de lavado m\u00e1s profunda.<\/p>\n\n\n<p><\/p>\n","protected":false},"excerpt":{"rendered":"<p>Mood Flexi es pura funcionalidad hecha elecci\u00f3n de estilo, un nuevo concepto para transmitir libertad a trav\u00e9s de la visi\u00f3n&#8230;<\/p>\n","protected":false},"author":1,"featured_media":69893,"parent":11082,"menu_order":29,"comment_status":"closed","ping_status":"closed","template":"page-mood-flexi.php","meta":[],"acf":[],"_links":{"self":[{"href":"https:\/\/barazza.comunicazione21.com\/es\/wp-json\/wp\/v2\/pages\/12625"}],"collection":[{"href":"https:\/\/barazza.comunicazione21.com\/es\/wp-json\/wp\/v2\/pages"}],"about":[{"href":"https:\/\/barazza.comunicazione21.com\/es\/wp-json\/wp\/v2\/types\/page"}],"author":[{"embeddable":true,"href":"https:\/\/barazza.comunicazione21.com\/es\/wp-json\/wp\/v2\/users\/1"}],"replies":[{"embeddable":true,"href":"https:\/\/barazza.comunicazione21.com\/es\/wp-json\/wp\/v2\/comments?post=12625"}],"version-history":[{"count":0,"href":"https:\/\/barazza.comunicazione21.com\/es\/wp-json\/wp\/v2\/pages\/12625\/revisions"}],"up":[{"embeddable":true,"href":"https:\/\/barazza.comunicazione21.com\/es\/wp-json\/wp\/v2\/pages\/11082"}],"wp:featuredmedia":[{"embeddable":true,"href":"https:\/\/barazza.comunicazione21.com\/es\/wp-json\/wp\/v2\/media\/69893"}],"wp:attachment":[{"href":"https:\/\/barazza.comunicazione21.com\/es\/wp-json\/wp\/v2\/media?parent=12625"}],"curies":[{"name":"wp","href":"https:\/\/api.w.org\/{rel}","templated":true}]}}