	{"id":11121,"date":"2014-05-23T11:36:12","date_gmt":"2014-05-23T09:36:12","guid":{"rendered":"https:\/\/barazza.comunicazione21.com\/contatti-barazza\/newsletter-barazza\/"},"modified":"2019-07-30T15:19:03","modified_gmt":"2019-07-30T13:19:03","slug":"boletin-de-noticias","status":"publish","type":"page","link":"https:\/\/barazza.comunicazione21.com\/es\/contactos\/boletin-de-noticias\/","title":{"rendered":"Bolet\u00edn de noticias"},"content":{"rendered":"<p>Introduzca su correo electr\u00f3nico para recibir todas las novedades del mundo de los electrodom\u00e9sticos y fregaderos Barazza directamente en su bandeja de entrada.<\/p>\n","protected":false},"excerpt":{"rendered":"<p>Introduzca su correo electr\u00f3nico para recibir todas las novedades del mundo de los electrodom\u00e9sticos y fregaderos Barazza directamente en su&#8230;<\/p>\n","protected":false},"author":1,"featured_media":69981,"parent":11114,"menu_order":323,"comment_status":"closed","ping_status":"closed","template":"page-newsletter.php","meta":[],"acf":[],"_links":{"self":[{"href":"https:\/\/barazza.comunicazione21.com\/es\/wp-json\/wp\/v2\/pages\/11121"}],"collection":[{"href":"https:\/\/barazza.comunicazione21.com\/es\/wp-json\/wp\/v2\/pages"}],"about":[{"href":"https:\/\/barazza.comunicazione21.com\/es\/wp-json\/wp\/v2\/types\/page"}],"author":[{"embeddable":true,"href":"https:\/\/barazza.comunicazione21.com\/es\/wp-json\/wp\/v2\/users\/1"}],"replies":[{"embeddable":true,"href":"https:\/\/barazza.comunicazione21.com\/es\/wp-json\/wp\/v2\/comments?post=11121"}],"version-history":[{"count":0,"href":"https:\/\/barazza.comunicazione21.com\/es\/wp-json\/wp\/v2\/pages\/11121\/revisions"}],"up":[{"embeddable":true,"href":"https:\/\/barazza.comunicazione21.com\/es\/wp-json\/wp\/v2\/pages\/11114"}],"wp:featuredmedia":[{"embeddable":true,"href":"https:\/\/barazza.comunicazione21.com\/es\/wp-json\/wp\/v2\/media\/69981"}],"wp:attachment":[{"href":"https:\/\/barazza.comunicazione21.com\/es\/wp-json\/wp\/v2\/media?parent=11121"}],"curies":[{"name":"wp","href":"https:\/\/api.w.org\/{rel}","templated":true}]}}