	{"id":11120,"date":"2014-05-22T18:16:36","date_gmt":"2014-05-22T16:16:36","guid":{"rendered":"https:\/\/barazza.comunicazione21.com\/contatti-barazza\/lavoro-barazza\/"},"modified":"2019-07-30T15:19:08","modified_gmt":"2019-07-30T13:19:08","slug":"trabaje-con-nosotros","status":"publish","type":"page","link":"https:\/\/barazza.comunicazione21.com\/es\/contactos\/trabaje-con-nosotros\/","title":{"rendered":"Trabaje con nosotros"},"content":{"rendered":"<p>\u00bfDesea conocer las <strong>oportunidades de empleo en Barazza<\/strong>?<\/p>\n<p>Barazza es una empresa formada por personas, habilidades y pasi\u00f3n. El centro de producci\u00f3n de Santa Lucia di Piave, Treviso, es el coraz\u00f3n de todas las actividades, que se inspiran en la creatividad t\u00edpica del Made in Italy y atesoran el valor del territorio, un lugar encantador con una larga tradici\u00f3n de fabricaci\u00f3n, no lejos de la espl\u00e9ndida Venecia.<\/p>\n","protected":false},"excerpt":{"rendered":"<p>\u00bfDesea conocer las oportunidades de empleo en Barazza? Barazza es una empresa formada por personas, habilidades y pasi\u00f3n. El centro&#8230;<\/p>\n","protected":false},"author":1,"featured_media":69971,"parent":11114,"menu_order":318,"comment_status":"closed","ping_status":"closed","template":"page-job.php","meta":[],"acf":[],"_links":{"self":[{"href":"https:\/\/barazza.comunicazione21.com\/es\/wp-json\/wp\/v2\/pages\/11120"}],"collection":[{"href":"https:\/\/barazza.comunicazione21.com\/es\/wp-json\/wp\/v2\/pages"}],"about":[{"href":"https:\/\/barazza.comunicazione21.com\/es\/wp-json\/wp\/v2\/types\/page"}],"author":[{"embeddable":true,"href":"https:\/\/barazza.comunicazione21.com\/es\/wp-json\/wp\/v2\/users\/1"}],"replies":[{"embeddable":true,"href":"https:\/\/barazza.comunicazione21.com\/es\/wp-json\/wp\/v2\/comments?post=11120"}],"version-history":[{"count":0,"href":"https:\/\/barazza.comunicazione21.com\/es\/wp-json\/wp\/v2\/pages\/11120\/revisions"}],"up":[{"embeddable":true,"href":"https:\/\/barazza.comunicazione21.com\/es\/wp-json\/wp\/v2\/pages\/11114"}],"wp:featuredmedia":[{"embeddable":true,"href":"https:\/\/barazza.comunicazione21.com\/es\/wp-json\/wp\/v2\/media\/69971"}],"wp:attachment":[{"href":"https:\/\/barazza.comunicazione21.com\/es\/wp-json\/wp\/v2\/media?parent=11120"}],"curies":[{"name":"wp","href":"https:\/\/api.w.org\/{rel}","templated":true}]}}