	{"id":11119,"date":"2019-01-28T18:36:01","date_gmt":"2019-01-28T17:36:01","guid":{"rendered":"https:\/\/barazza.comunicazione21.com\/contatti-barazza\/distributori-grossisti\/"},"modified":"2022-06-15T15:35:26","modified_gmt":"2022-06-15T13:35:26","slug":"distribuidores","status":"publish","type":"page","link":"https:\/\/barazza.comunicazione21.com\/es\/contactos\/distribuidores\/","title":{"rendered":"Distribuidores"},"content":{"rendered":"<p><span style=\"font-weight: 400;\">El mapa de la red de distribuci\u00f3n internacional proporciona informaci\u00f3n \u00fatil sobre los puntos de venta y distribuidores de Barazza en cada \u00e1rea de inter\u00e9s, con direcci\u00f3n, tel\u00e9fono y correo electr\u00f3nico.<\/span><\/p>\n<p><span style=\"font-weight: 400;\">Poni\u00e9ndote en contacto con tu distribuidor local, puedes recibir informaci\u00f3n sobre los puntos de venta de Barazza que tienes cerca.<\/span><\/p>\n","protected":false},"excerpt":{"rendered":"<p>El mapa de la red de distribuci\u00f3n internacional proporciona informaci\u00f3n \u00fatil sobre los puntos de venta y distribuidores de Barazza&#8230;<\/p>\n","protected":false},"author":1,"featured_media":69883,"parent":11114,"menu_order":306,"comment_status":"closed","ping_status":"closed","template":"page-distributori.php","meta":[],"acf":[],"_links":{"self":[{"href":"https:\/\/barazza.comunicazione21.com\/es\/wp-json\/wp\/v2\/pages\/11119"}],"collection":[{"href":"https:\/\/barazza.comunicazione21.com\/es\/wp-json\/wp\/v2\/pages"}],"about":[{"href":"https:\/\/barazza.comunicazione21.com\/es\/wp-json\/wp\/v2\/types\/page"}],"author":[{"embeddable":true,"href":"https:\/\/barazza.comunicazione21.com\/es\/wp-json\/wp\/v2\/users\/1"}],"replies":[{"embeddable":true,"href":"https:\/\/barazza.comunicazione21.com\/es\/wp-json\/wp\/v2\/comments?post=11119"}],"version-history":[{"count":0,"href":"https:\/\/barazza.comunicazione21.com\/es\/wp-json\/wp\/v2\/pages\/11119\/revisions"}],"up":[{"embeddable":true,"href":"https:\/\/barazza.comunicazione21.com\/es\/wp-json\/wp\/v2\/pages\/11114"}],"wp:featuredmedia":[{"embeddable":true,"href":"https:\/\/barazza.comunicazione21.com\/es\/wp-json\/wp\/v2\/media\/69883"}],"wp:attachment":[{"href":"https:\/\/barazza.comunicazione21.com\/es\/wp-json\/wp\/v2\/media?parent=11119"}],"curies":[{"name":"wp","href":"https:\/\/api.w.org\/{rel}","templated":true}]}}