	{"id":11117,"date":"2014-05-22T18:17:21","date_gmt":"2014-05-22T16:17:21","guid":{"rendered":"https:\/\/barazza.comunicazione21.com\/contatti-barazza\/punti-vendita-barazza\/"},"modified":"2022-06-15T14:14:20","modified_gmt":"2022-06-15T12:14:20","slug":"puntos-de-venta","status":"publish","type":"page","link":"https:\/\/barazza.comunicazione21.com\/es\/contactos\/puntos-de-venta\/","title":{"rendered":"Puntos de venta"},"content":{"rendered":"<p><span style=\"font-weight: 400;\">Consulta el mapa de la red internacional de distribuci\u00f3n, que ofrece informaci\u00f3n \u00fatil sobre los puntos de venta y los distribuidores.<\/span><\/p>\n","protected":false},"excerpt":{"rendered":"<p>Consulta el mapa de la red internacional de distribuci\u00f3n, que ofrece informaci\u00f3n \u00fatil sobre los puntos de venta y los&#8230;<\/p>\n","protected":false},"author":1,"featured_media":69873,"parent":11114,"menu_order":299,"comment_status":"closed","ping_status":"closed","template":"page-punti-vendita.php","meta":[],"acf":[],"_links":{"self":[{"href":"https:\/\/barazza.comunicazione21.com\/es\/wp-json\/wp\/v2\/pages\/11117"}],"collection":[{"href":"https:\/\/barazza.comunicazione21.com\/es\/wp-json\/wp\/v2\/pages"}],"about":[{"href":"https:\/\/barazza.comunicazione21.com\/es\/wp-json\/wp\/v2\/types\/page"}],"author":[{"embeddable":true,"href":"https:\/\/barazza.comunicazione21.com\/es\/wp-json\/wp\/v2\/users\/1"}],"replies":[{"embeddable":true,"href":"https:\/\/barazza.comunicazione21.com\/es\/wp-json\/wp\/v2\/comments?post=11117"}],"version-history":[{"count":0,"href":"https:\/\/barazza.comunicazione21.com\/es\/wp-json\/wp\/v2\/pages\/11117\/revisions"}],"up":[{"embeddable":true,"href":"https:\/\/barazza.comunicazione21.com\/es\/wp-json\/wp\/v2\/pages\/11114"}],"wp:featuredmedia":[{"embeddable":true,"href":"https:\/\/barazza.comunicazione21.com\/es\/wp-json\/wp\/v2\/media\/69873"}],"wp:attachment":[{"href":"https:\/\/barazza.comunicazione21.com\/es\/wp-json\/wp\/v2\/media?parent=11117"}],"curies":[{"name":"wp","href":"https:\/\/api.w.org\/{rel}","templated":true}]}}