	{"id":11116,"date":"2014-05-22T18:15:42","date_gmt":"2014-05-22T16:15:42","guid":{"rendered":"https:\/\/barazza.comunicazione21.com\/contatti-barazza\/richiesta-informazioni\/"},"modified":"2019-07-30T15:19:09","modified_gmt":"2019-07-30T13:19:09","slug":"solicitud-de-informacion","status":"publish","type":"page","link":"https:\/\/barazza.comunicazione21.com\/es\/contactos\/solicitud-de-informacion\/","title":{"rendered":"Solicitud de informaci\u00f3n"},"content":{"rendered":"<p>En esta secci\u00f3n podr\u00e1 solicitar informaci\u00f3n sobre los detalles t\u00e9cnicos y de instalaci\u00f3n del producto, as\u00ed como consejos y sugerencias sobre la elecci\u00f3n y compra de los productos Barazza.<\/p>\n","protected":false},"excerpt":{"rendered":"<p>En esta secci\u00f3n podr\u00e1 solicitar informaci\u00f3n sobre los detalles t\u00e9cnicos y de instalaci\u00f3n del producto, as\u00ed como consejos y sugerencias&#8230;<\/p>\n","protected":false},"author":1,"featured_media":69863,"parent":11114,"menu_order":293,"comment_status":"closed","ping_status":"closed","template":"page-richieste.php","meta":[],"acf":[],"_links":{"self":[{"href":"https:\/\/barazza.comunicazione21.com\/es\/wp-json\/wp\/v2\/pages\/11116"}],"collection":[{"href":"https:\/\/barazza.comunicazione21.com\/es\/wp-json\/wp\/v2\/pages"}],"about":[{"href":"https:\/\/barazza.comunicazione21.com\/es\/wp-json\/wp\/v2\/types\/page"}],"author":[{"embeddable":true,"href":"https:\/\/barazza.comunicazione21.com\/es\/wp-json\/wp\/v2\/users\/1"}],"replies":[{"embeddable":true,"href":"https:\/\/barazza.comunicazione21.com\/es\/wp-json\/wp\/v2\/comments?post=11116"}],"version-history":[{"count":0,"href":"https:\/\/barazza.comunicazione21.com\/es\/wp-json\/wp\/v2\/pages\/11116\/revisions"}],"up":[{"embeddable":true,"href":"https:\/\/barazza.comunicazione21.com\/es\/wp-json\/wp\/v2\/pages\/11114"}],"wp:featuredmedia":[{"embeddable":true,"href":"https:\/\/barazza.comunicazione21.com\/es\/wp-json\/wp\/v2\/media\/69863"}],"wp:attachment":[{"href":"https:\/\/barazza.comunicazione21.com\/es\/wp-json\/wp\/v2\/media?parent=11116"}],"curies":[{"name":"wp","href":"https:\/\/api.w.org\/{rel}","templated":true}]}}