	{"id":11115,"date":"2014-05-22T18:14:56","date_gmt":"2014-05-22T16:14:56","guid":{"rendered":"https:\/\/barazza.comunicazione21.com\/contatti-barazza\/barazza-treviso\/"},"modified":"2020-01-14T17:39:49","modified_gmt":"2020-01-14T16:39:49","slug":"localizacion","status":"publish","type":"page","link":"https:\/\/barazza.comunicazione21.com\/es\/contactos\/localizacion\/","title":{"rendered":"Localizaci\u00f3n"},"content":{"rendered":"<p>La de Barazza es una aventura que arranc\u00f3 en 1968 en Santa Lucia di Piave, en el distrito del Inox Valley, erigi\u00e9ndose como empresa presente y activa con el departamento de producci\u00f3n, las oficinas, el laboratorio de investigaci\u00f3n y desarrollo, el amplio showroom y la zona dedicada a los espect\u00e1culos culinarios.<br \/>\n<strong>Barazza s.r.l.<\/strong><br \/>\nvia Risorgimento, 14 31025<br \/>\nSarano di S.Lucia di Piave (TV) &#8211; Italy<\/p>\n<p style=\"display: none;\">Tel: <strong><a href=\"tel:0039043862888\">+39 0438 62888<\/a><\/strong><\/p>\n<p>phone: <strong>+39 0438 62888<\/strong><br \/>\nFax: <strong>+39 0438 64901<\/strong><\/p>\n<p>Mail: <strong><a href=\"mailto:info@barazza.comunicazione21.com\">info@barazza.comunicazione21.com<\/a><\/strong><\/p>\n","protected":false},"excerpt":{"rendered":"<p>La de Barazza es una aventura que arranc\u00f3 en 1968 en Santa Lucia di Piave, en el distrito del Inox&#8230;<\/p>\n","protected":false},"author":1,"featured_media":69853,"parent":11114,"menu_order":287,"comment_status":"closed","ping_status":"closed","template":"page-localizzazione.php","meta":[],"acf":[],"_links":{"self":[{"href":"https:\/\/barazza.comunicazione21.com\/es\/wp-json\/wp\/v2\/pages\/11115"}],"collection":[{"href":"https:\/\/barazza.comunicazione21.com\/es\/wp-json\/wp\/v2\/pages"}],"about":[{"href":"https:\/\/barazza.comunicazione21.com\/es\/wp-json\/wp\/v2\/types\/page"}],"author":[{"embeddable":true,"href":"https:\/\/barazza.comunicazione21.com\/es\/wp-json\/wp\/v2\/users\/1"}],"replies":[{"embeddable":true,"href":"https:\/\/barazza.comunicazione21.com\/es\/wp-json\/wp\/v2\/comments?post=11115"}],"version-history":[{"count":0,"href":"https:\/\/barazza.comunicazione21.com\/es\/wp-json\/wp\/v2\/pages\/11115\/revisions"}],"up":[{"embeddable":true,"href":"https:\/\/barazza.comunicazione21.com\/es\/wp-json\/wp\/v2\/pages\/11114"}],"wp:featuredmedia":[{"embeddable":true,"href":"https:\/\/barazza.comunicazione21.com\/es\/wp-json\/wp\/v2\/media\/69853"}],"wp:attachment":[{"href":"https:\/\/barazza.comunicazione21.com\/es\/wp-json\/wp\/v2\/media?parent=11115"}],"curies":[{"name":"wp","href":"https:\/\/api.w.org\/{rel}","templated":true}]}}