	{"id":11110,"date":"2014-05-23T11:28:23","date_gmt":"2014-05-23T09:28:23","guid":{"rendered":"https:\/\/barazza.comunicazione21.com\/servizio-clienti\/pulire-acciaio\/"},"modified":"2022-08-02T16:33:12","modified_gmt":"2022-08-02T14:33:12","slug":"limpieza-de-acero-inoxidable-2","status":"publish","type":"page","link":"https:\/\/barazza.comunicazione21.com\/es\/servicio-de-atencion-al-cliente\/limpieza-de-acero-inoxidable-2\/","title":{"rendered":"Limpieza de acero inoxidable"},"content":{"rendered":"<p><strong>CONSEJOS PR\u00c1CTICOS PARA LA LIMPIEZA DEL ACERO INOXIDABLE<\/strong><\/p>\n<p><span style=\"font-weight: 400;\">Como todos sabemos, la limpieza del acero es una operaci\u00f3n delicada, especialmente en la cocina: si bien garantiza la m\u00e1xima higiene y resistencia a la corrosi\u00f3n, este material requiere cuidados particulares para evitar las manchas y marcas provocadas por el agua.<br \/>\n<\/span><span style=\"font-weight: 400;\">Sin embargo, es posible limpiar el acero inoxidable con eficacia de manera que mantenga su caracter\u00edstico brillo, realizando operaciones de limpieza espec\u00edficas o usando productos id\u00f3neos para este tipo de material.<\/span><\/p>\n<p><span style=\"font-weight: 400;\">Para un mantenimiento perfecto de los productos Barazza fabricados en acero inoxidable AISI 304 y 316, recomendamos:<\/span><\/p>\n<ul>\n<li><span style=\"font-weight: 400;\">Despu\u00e9s del uso, aclarar bien con agua y secar con una bayeta corriente o gamuza limpia.<\/span><\/li>\n<li><span style=\"font-weight: 400;\">Utilizar cualquier detergente normal, siempre que no contenga cloro o compuestos de cloro (como lej\u00eda y \u00e1cido clorh\u00eddrico).<\/span><\/li>\n<li><span style=\"font-weight: 400;\">Solo para manchas rebeldes, utilizar un poco de vinagre blanco tibio.<\/span><\/li>\n<li><span style=\"font-weight: 400;\">No utilizar estropajos de lana de acero u otros materiales abrasivos, que rayar\u00edan inevitablemente la superficie de acero.<\/span><\/li>\n<li><span style=\"font-weight: 400;\">No arrastrar objetos sobre la encimera, y utilizar tablas de cortar y salvamanteles durante las tareas normales en la cocina.<\/span><\/li>\n<li><span style=\"font-weight: 400;\">Evitar colocar cacerolas calientes, hornos y hornillos sobre la encimera, ya que pueden provocar deformaciones y amarilleo.<\/span><\/li>\n<li><span style=\"font-weight: 400;\">No dejar objetos de hierro oxidados sobre la superficie durante mucho tiempo.<\/span><\/li>\n<li><span style=\"font-weight: 400;\">No dejar envases y botellas abiertos de detergentes u otras sustancias qu\u00edmicas cerca del producto.<\/span><\/li>\n<li><span style=\"font-weight: 400;\">El detergente Multi Clean y la bayeta de microfibra antibacterias Easy Clean de Barazza con efecto desengrasante y absorbente se pueden utilizar a diario.<\/span><\/li>\n<li><span style=\"font-weight: 400;\">Peri\u00f3dicamente, o cuando sea necesario, recomendamos utilizar Easy Clean, la crema profesional creada por Barazza que limpia, abrillanta y protege el acero inoxidable.<\/span><\/li>\n<\/ul>\n<p>&nbsp;<\/p>\n<p><strong>CONSEJOS PR\u00c1CTICOS PARA LA LIMPIEZA DE LA PLANCHA TEPPANYAKI<\/strong><\/p>\n<p><span style=\"font-weight: 400;\">Se recomienda limpiar la plancha teppanyaki cuando est\u00e9 a\u00fan a una temperatura de aproximadamente 50-60 \u00b0C, para poder eliminar f\u00e1cilmente los restos de comida.<\/span><\/p>\n<p><span style=\"font-weight: 400;\">Si la plancha el\u00e9ctrica est\u00e1 fr\u00eda, gira el mando del termostato hasta los 50-60 \u00b0C. Si todav\u00eda est\u00e1 demasiado caliente, espera a que se enfr\u00ede. En este \u00faltimo caso, para saber a qu\u00e9 temperatura est\u00e1 realmente la plancha el\u00e9ctrica, habr\u00e1 que girar el mando del termostato hasta que se encienda la luz indicadora y ver la temperatura indicada en la pantalla; luego vuelve a poner el mando en la posici\u00f3n \u00ab0 &#8211; Off\u00bb.<\/span><\/p>\n<p><span style=\"font-weight: 400;\">Recomendamos retirar los restos m\u00e1s gruesos de la plancha el\u00e9ctrica utilizando una esp\u00e1tula (y eligiendo utensilios con bordes redondeados para no rayar la plancha), humedeciendo la plancha el\u00e9ctrica con un poco de agua l\u00edquido lavavajillas o vinagre y dejando que act\u00faen durante unos minutos para permitir que se disuelva la costra; en cuanto a los detergentes, es fundamental utilizarlos solo si no contienen componentes abrasivos, y evitar los productos demasiado \u00e1cidos.<br \/>\n<\/span><span style=\"font-weight: 400;\">A continuaci\u00f3n, retira los restos que haya en la plancha el\u00e9ctrica con una bayeta de cocina y agua con detergente o vinagre. Aclara varias veces la plancha el\u00e9ctrica con una bayeta humedecida en agua y s\u00e9cala con cuidado.<\/span><\/p>\n<p><span style=\"font-weight: 400;\">Recuerda que algunas prote\u00ednas y \u00e1cidos pueden dejar manchas en la plancha el\u00e9ctrica: nuestro consejo es evitar el contacto prolongado de la plancha con estas sustancias.<\/span><\/p>\n<p><span style=\"font-weight: 400;\">Si la plancha est\u00e1 un poco manchada, trata las manchas con \u00e1cido c\u00edtrico comercial.<\/span><\/p>\n<p><span style=\"font-weight: 400;\">Para limpiar la plancha el\u00e9ctrica entre sesiones de cocci\u00f3n, utiliza simplemente una esp\u00e1tula para quitar los residuos m\u00e1s gruesos y pon cubitos de hielo y zumo de lim\u00f3n sobre la plancha. Los cubitos de hielo de derretir\u00e1n y ablandar\u00e1n los dep\u00f3sitos, mientras que el lim\u00f3n eliminar\u00e1 los olores de los alimentos cocinados previamente. Despu\u00e9s de esto, ret\u00edralo todo con la esp\u00e1tula.<\/span><\/p>\n<p><span style=\"font-weight: 400;\">Los mandos giratorios no se deben quitar del perno en el que est\u00e1n montados: para limpiarlos, recomendamos utilizar una bayeta suave empapada con un poco de detergente neutro (para el modo de empleo, sigue las instrucciones del fabricante), asegur\u00e1ndote de que no entre detergente debajo del mando. Despu\u00e9s de limpiar el mando giratorio, aseg\u00farate de no haberlo movido por accidente de la posici\u00f3n \u00ab0 &#8211; Off\u00bb.<\/span><\/p>\n","protected":false},"excerpt":{"rendered":"<p>CONSEJOS PR\u00c1CTICOS PARA LA LIMPIEZA DEL ACERO INOXIDABLE Como todos sabemos, la limpieza del acero es una operaci\u00f3n delicada, especialmente&#8230;<\/p>\n","protected":false},"author":1,"featured_media":82240,"parent":11105,"menu_order":262,"comment_status":"closed","ping_status":"closed","template":"page-pulizia-acciaio.php","meta":[],"acf":[],"_links":{"self":[{"href":"https:\/\/barazza.comunicazione21.com\/es\/wp-json\/wp\/v2\/pages\/11110"}],"collection":[{"href":"https:\/\/barazza.comunicazione21.com\/es\/wp-json\/wp\/v2\/pages"}],"about":[{"href":"https:\/\/barazza.comunicazione21.com\/es\/wp-json\/wp\/v2\/types\/page"}],"author":[{"embeddable":true,"href":"https:\/\/barazza.comunicazione21.com\/es\/wp-json\/wp\/v2\/users\/1"}],"replies":[{"embeddable":true,"href":"https:\/\/barazza.comunicazione21.com\/es\/wp-json\/wp\/v2\/comments?post=11110"}],"version-history":[{"count":0,"href":"https:\/\/barazza.comunicazione21.com\/es\/wp-json\/wp\/v2\/pages\/11110\/revisions"}],"up":[{"embeddable":true,"href":"https:\/\/barazza.comunicazione21.com\/es\/wp-json\/wp\/v2\/pages\/11105"}],"wp:featuredmedia":[{"embeddable":true,"href":"https:\/\/barazza.comunicazione21.com\/es\/wp-json\/wp\/v2\/media\/82240"}],"wp:attachment":[{"href":"https:\/\/barazza.comunicazione21.com\/es\/wp-json\/wp\/v2\/media?parent=11110"}],"curies":[{"name":"wp","href":"https:\/\/api.w.org\/{rel}","templated":true}]}}