	{"id":11104,"date":"2014-05-22T18:13:38","date_gmt":"2014-05-22T16:13:38","guid":{"rendered":"https:\/\/barazza.comunicazione21.com\/barazza-company\/team-barazza\/"},"modified":"2022-06-15T14:08:44","modified_gmt":"2022-06-15T12:08:44","slug":"equipo","status":"publish","type":"page","link":"https:\/\/barazza.comunicazione21.com\/es\/company\/equipo\/","title":{"rendered":"Equipo"},"content":{"rendered":"<p><span style=\"font-weight: 400;\">Cada integrante del equipo de Barazza aporta su profesionalidad y empe\u00f1o para ocuparse de todas las fases de la producci\u00f3n: desde la creaci\u00f3n del concepto hasta el dise\u00f1o y los controles finales, combinamos la innovaci\u00f3n tecnol\u00f3gica con el valor de la elaboraci\u00f3n artesanal.<\/span><\/p>\n<p><span style=\"font-weight: 400;\">Trabajamos con profesionales que saben que los grandes resultados se logran colaborando, compartiendo cada fase del proyecto para que crezca y obtener as\u00ed el mejor producto posible.<\/span><\/p>\n<p><span style=\"font-weight: 400;\">Barazza dise\u00f1a, fabrica, cuida y prueba cada uno de los productos \u00edntegramente en sus f\u00e1bricas de Santa Lucia di Piave: de esta manera, la experiencia se traduce en calidad, servicio y una atenci\u00f3n al cliente cada vez mayor.<\/span><\/p>\n<p><span style=\"font-weight: 400;\">Es aqu\u00ed donde la competencia t\u00e9cnica italiana se convierte en una inconfundible firma que transmite la pasi\u00f3n que caracteriza cada producto.<\/span><\/p>\n","protected":false},"excerpt":{"rendered":"<p>Cada integrante del equipo de Barazza aporta su profesionalidad y empe\u00f1o para ocuparse de todas las fases de la producci\u00f3n:&#8230;<\/p>\n","protected":false},"author":1,"featured_media":69706,"parent":11098,"menu_order":226,"comment_status":"closed","ping_status":"closed","template":"","meta":[],"acf":[],"_links":{"self":[{"href":"https:\/\/barazza.comunicazione21.com\/es\/wp-json\/wp\/v2\/pages\/11104"}],"collection":[{"href":"https:\/\/barazza.comunicazione21.com\/es\/wp-json\/wp\/v2\/pages"}],"about":[{"href":"https:\/\/barazza.comunicazione21.com\/es\/wp-json\/wp\/v2\/types\/page"}],"author":[{"embeddable":true,"href":"https:\/\/barazza.comunicazione21.com\/es\/wp-json\/wp\/v2\/users\/1"}],"replies":[{"embeddable":true,"href":"https:\/\/barazza.comunicazione21.com\/es\/wp-json\/wp\/v2\/comments?post=11104"}],"version-history":[{"count":0,"href":"https:\/\/barazza.comunicazione21.com\/es\/wp-json\/wp\/v2\/pages\/11104\/revisions"}],"up":[{"embeddable":true,"href":"https:\/\/barazza.comunicazione21.com\/es\/wp-json\/wp\/v2\/pages\/11098"}],"wp:featuredmedia":[{"embeddable":true,"href":"https:\/\/barazza.comunicazione21.com\/es\/wp-json\/wp\/v2\/media\/69706"}],"wp:attachment":[{"href":"https:\/\/barazza.comunicazione21.com\/es\/wp-json\/wp\/v2\/media?parent=11104"}],"curies":[{"name":"wp","href":"https:\/\/api.w.org\/{rel}","templated":true}]}}