	{"id":11103,"date":"2014-05-22T18:12:59","date_gmt":"2014-05-22T16:12:59","guid":{"rendered":"https:\/\/barazza.comunicazione21.com\/barazza-company\/risparmio-energetico\/"},"modified":"2022-06-15T14:07:22","modified_gmt":"2022-06-15T12:07:22","slug":"biosostenibilidad-y-seguridad","status":"publish","type":"page","link":"https:\/\/barazza.comunicazione21.com\/es\/company\/biosostenibilidad-y-seguridad\/","title":{"rendered":"Biosostenibilidad y seguridad"},"content":{"rendered":"<p>EL BIENESTAR COMO CRITERIO DE SELECCI\u00d3N.<\/p>\n<p><span style=\"font-weight: 400;\">Toda la actividad de Barazza gira en torno a la sostenibilidad medioambiental: se utilizan sistemas y materiales con gran capacidad de ahorro energ\u00e9tico, para crear el mundo ideal que queremos legar a las futuras generaciones.<\/span><\/p>\n<p><span style=\"font-weight: 400;\">Uno de los s\u00edmbolos del compromiso de la marca con la sostenibilidad medioambiental es el uso del acero inoxidable AISI 304 y 316. Esta materia prima es completamente reciclable e higi\u00e9nica, no emite sustancias t\u00f3xicas y permanece inalterada a lo largo del tiempo.<\/span><\/p>\n<p><span style=\"font-weight: 400;\">La fase de dise\u00f1o tambi\u00e9n desempe\u00f1a un papel fundamental para la sostenibilidad. De hecho, Barazza dedica especial atenci\u00f3n a la ergonom\u00eda de sus productos: esto, adem\u00e1s de garantizar el m\u00e1ximo grado de confort y funcionalidad en la cocina, se traduce en un mayor ahorro de energ\u00eda y un nivel de seguridad m\u00e1s elevado.<\/span><\/p>\n<p><span style=\"font-weight: 400;\">Las certificaciones UNI EN ISO 9001 y 14001 son la garant\u00eda de los procesos de control de calidad y optimizaci\u00f3n de la producci\u00f3n adoptados por Barazza: un compromiso inagotable con la mejora del sistema de gesti\u00f3n medioambiental.<\/span><\/p>\n<p><a href=\"https:\/\/barazza.comunicazione21.com\/wp-content\/uploads\/2019\/02\/barazza-certificati-2019.pdf\"><img loading=\"lazy\" class=\"alignleft wp-image-6397 size-thumbnail\" src=\"https:\/\/barazza.comunicazione21.com\/wp-content\/uploads\/2014\/05\/loghi-certificazione-300x150.png\" alt=\"\" width=\"300\" height=\"150\" srcset=\"https:\/\/barazza.comunicazione21.com\/wp-content\/uploads\/2014\/05\/loghi-certificazione-300x150.png 300w, https:\/\/barazza.comunicazione21.com\/wp-content\/uploads\/2014\/05\/loghi-certificazione-768x384.png 768w, https:\/\/barazza.comunicazione21.com\/wp-content\/uploads\/2014\/05\/loghi-certificazione-1200x600.png 1200w, https:\/\/barazza.comunicazione21.com\/wp-content\/uploads\/2014\/05\/loghi-certificazione.png 1474w\" sizes=\"(max-width: 300px) 100vw, 300px\" \/><\/a><\/p>\n","protected":false},"excerpt":{"rendered":"<p>EL BIENESTAR COMO CRITERIO DE SELECCI\u00d3N. Toda la actividad de Barazza gira en torno a la sostenibilidad medioambiental: se utilizan&#8230;<\/p>\n","protected":false},"author":1,"featured_media":82107,"parent":11098,"menu_order":215,"comment_status":"closed","ping_status":"closed","template":"page-biosostenibilita.php","meta":[],"acf":[],"_links":{"self":[{"href":"https:\/\/barazza.comunicazione21.com\/es\/wp-json\/wp\/v2\/pages\/11103"}],"collection":[{"href":"https:\/\/barazza.comunicazione21.com\/es\/wp-json\/wp\/v2\/pages"}],"about":[{"href":"https:\/\/barazza.comunicazione21.com\/es\/wp-json\/wp\/v2\/types\/page"}],"author":[{"embeddable":true,"href":"https:\/\/barazza.comunicazione21.com\/es\/wp-json\/wp\/v2\/users\/1"}],"replies":[{"embeddable":true,"href":"https:\/\/barazza.comunicazione21.com\/es\/wp-json\/wp\/v2\/comments?post=11103"}],"version-history":[{"count":0,"href":"https:\/\/barazza.comunicazione21.com\/es\/wp-json\/wp\/v2\/pages\/11103\/revisions"}],"up":[{"embeddable":true,"href":"https:\/\/barazza.comunicazione21.com\/es\/wp-json\/wp\/v2\/pages\/11098"}],"wp:featuredmedia":[{"embeddable":true,"href":"https:\/\/barazza.comunicazione21.com\/es\/wp-json\/wp\/v2\/media\/82107"}],"wp:attachment":[{"href":"https:\/\/barazza.comunicazione21.com\/es\/wp-json\/wp\/v2\/media?parent=11103"}],"curies":[{"name":"wp","href":"https:\/\/api.w.org\/{rel}","templated":true}]}}