	{"id":11102,"date":"2014-05-22T18:06:57","date_gmt":"2014-05-22T16:06:57","guid":{"rendered":"https:\/\/barazza.comunicazione21.com\/barazza-company\/cucine-in-acciaio\/"},"modified":"2022-06-15T14:44:43","modified_gmt":"2022-06-15T12:44:43","slug":"acero-inoxidable","status":"publish","type":"page","link":"https:\/\/barazza.comunicazione21.com\/es\/company\/acero-inoxidable\/","title":{"rendered":"Acero Inoxidable"},"content":{"rendered":"\n<p>Un material, infinitas posibilidades. \u00abAcero inoxidable\u00bb es el nombre que reciben todos los aceros con alto contenido en cromo y n\u00edquel y que, gracias a esta composici\u00f3n, no se oxidan si se ven expuestos al aire y al agua. <strong>Los electrodom\u00e9sticos de acero inoxidable<\/strong>, adem\u00e1s de ofrecer eficiencia y resistencia, poseen la sobriedad y la elegancia de un material sumamente refinado. Barazza utiliza para sus productos un acero inoxidable de especial calidad, el AISI 304 (acr\u00f3nimo de la marca estadounidense American Iron and Steel Institute) compuesto en un 18 % de cromo y en un 10 % de n\u00edquel, lo cual garantiza una excelente resistencia a la corrosi\u00f3n y un alto grado de higiene. Un material que encarna de forma ejemplar el concepto de sostenibilidad medioambiental, puesto que es completamente reciclable y no genera emisiones t\u00f3xicas: prueba fehaciente de la calidad y atenci\u00f3n al detalle de Barazza. El acero inoxidable es un material \u00fanico, ideal para soportar diversos tratamientos que transforman su superficie lisa y reflectante en una sustancia tangible, suave y sedosa. La oferta de Barazza abarca 5 acabados distintos, todos de alto valor est\u00e9tico: el satinado Scotch Brite, refinado y elegante; el acabado Trama, cuyas l\u00edneas entrelazadas confieren una nueva sensaci\u00f3n material a los vol\u00famenes; el Mate, de dise\u00f1o \u00fanico y efecto antihuellas; el Vintage, acorde a las tendencias de la industria, que da vida a la materia gracias al tratamiento manual de la superficie, para hacer de cada pieza un art\u00edculo \u00fanico e irrepetible y, por \u00faltimo, el Ice, cuyo sutil brillo evoca la transparencia del hielo.<\/p>\n","protected":false},"excerpt":{"rendered":"<p>Un material, infinitas posibilidades. \u00abAcero inoxidable\u00bb es el nombre que reciben todos los aceros con alto contenido en cromo y&#8230;<\/p>\n","protected":false},"author":1,"featured_media":81870,"parent":11098,"menu_order":209,"comment_status":"closed","ping_status":"closed","template":"page-acciaio.php","meta":[],"acf":[],"_links":{"self":[{"href":"https:\/\/barazza.comunicazione21.com\/es\/wp-json\/wp\/v2\/pages\/11102"}],"collection":[{"href":"https:\/\/barazza.comunicazione21.com\/es\/wp-json\/wp\/v2\/pages"}],"about":[{"href":"https:\/\/barazza.comunicazione21.com\/es\/wp-json\/wp\/v2\/types\/page"}],"author":[{"embeddable":true,"href":"https:\/\/barazza.comunicazione21.com\/es\/wp-json\/wp\/v2\/users\/1"}],"replies":[{"embeddable":true,"href":"https:\/\/barazza.comunicazione21.com\/es\/wp-json\/wp\/v2\/comments?post=11102"}],"version-history":[{"count":0,"href":"https:\/\/barazza.comunicazione21.com\/es\/wp-json\/wp\/v2\/pages\/11102\/revisions"}],"up":[{"embeddable":true,"href":"https:\/\/barazza.comunicazione21.com\/es\/wp-json\/wp\/v2\/pages\/11098"}],"wp:featuredmedia":[{"embeddable":true,"href":"https:\/\/barazza.comunicazione21.com\/es\/wp-json\/wp\/v2\/media\/81870"}],"wp:attachment":[{"href":"https:\/\/barazza.comunicazione21.com\/es\/wp-json\/wp\/v2\/media?parent=11102"}],"curies":[{"name":"wp","href":"https:\/\/api.w.org\/{rel}","templated":true}]}}