	{"id":11101,"date":"2014-05-22T18:06:02","date_gmt":"2014-05-22T16:06:02","guid":{"rendered":"https:\/\/barazza.comunicazione21.com\/barazza-company\/arredamento-moderno\/"},"modified":"2022-06-15T13:00:52","modified_gmt":"2022-06-15T11:00:52","slug":"tecnologia","status":"publish","type":"page","link":"https:\/\/barazza.comunicazione21.com\/es\/company\/tecnologia\/","title":{"rendered":"Tecnolog\u00eda"},"content":{"rendered":"<p>LA INNOVACI\u00d3N COMO PRINCIPIO DE CADA IDEA.<br \/>\nLas colecciones de Barazza son fruto de un riguroso proceso de investigaci\u00f3n y desarrollo llevado a cabo en el laboratorio interno de la empresa, el coraz\u00f3n palpitante de toda la innovaci\u00f3n tecnol\u00f3gica y la c\u00e9lebre creatividad de la marca.<br \/>\nEs aqu\u00ed donde cobran vida las ideas y dise\u00f1os m\u00e1s ambiciosos para el mobiliario de la cocina, con la ayuda de sistemas tecnol\u00f3gicos de \u00faltima generaci\u00f3n, fundamentales para alcanzar el resultado deseado: la creaci\u00f3n de productos ergon\u00f3micos, de alta calidad y elevadas prestaciones que siempre est\u00e1n a la altura de las ambiciones del cliente y superan con creces sus expectativas.<\/p>\n","protected":false},"excerpt":{"rendered":"<p>LA INNOVACI\u00d3N COMO PRINCIPIO DE CADA IDEA. Las colecciones de Barazza son fruto de un riguroso proceso de investigaci\u00f3n y&#8230;<\/p>\n","protected":false},"author":1,"featured_media":82117,"parent":11098,"menu_order":203,"comment_status":"closed","ping_status":"closed","template":"page-tecnologia.php","meta":[],"acf":[],"_links":{"self":[{"href":"https:\/\/barazza.comunicazione21.com\/es\/wp-json\/wp\/v2\/pages\/11101"}],"collection":[{"href":"https:\/\/barazza.comunicazione21.com\/es\/wp-json\/wp\/v2\/pages"}],"about":[{"href":"https:\/\/barazza.comunicazione21.com\/es\/wp-json\/wp\/v2\/types\/page"}],"author":[{"embeddable":true,"href":"https:\/\/barazza.comunicazione21.com\/es\/wp-json\/wp\/v2\/users\/1"}],"replies":[{"embeddable":true,"href":"https:\/\/barazza.comunicazione21.com\/es\/wp-json\/wp\/v2\/comments?post=11101"}],"version-history":[{"count":0,"href":"https:\/\/barazza.comunicazione21.com\/es\/wp-json\/wp\/v2\/pages\/11101\/revisions"}],"up":[{"embeddable":true,"href":"https:\/\/barazza.comunicazione21.com\/es\/wp-json\/wp\/v2\/pages\/11098"}],"wp:featuredmedia":[{"embeddable":true,"href":"https:\/\/barazza.comunicazione21.com\/es\/wp-json\/wp\/v2\/media\/82117"}],"wp:attachment":[{"href":"https:\/\/barazza.comunicazione21.com\/es\/wp-json\/wp\/v2\/media?parent=11101"}],"curies":[{"name":"wp","href":"https:\/\/api.w.org\/{rel}","templated":true}]}}